{"id":8781,"date":"2024-06-22T20:15:44","date_gmt":"2024-06-22T18:15:44","guid":{"rendered":"https:\/\/www.cosyhomeconciergerie.ch\/?page_id=8781"},"modified":"2024-12-23T13:25:49","modified_gmt":"2024-12-23T12:25:49","slug":"noleggio","status":"publish","type":"page","link":"https:\/\/www.cosyhomeconciergerie.ch\/it\/cgv\/location\/","title":{"rendered":"Condizioni generali di vendita - Noleggio"},"content":{"rendered":"<div data-elementor-type=\"wp-page\" data-elementor-id=\"8781\" class=\"elementor elementor-8781\" data-elementor-post-type=\"page\">\n\t\t\t\t<div class=\"elementor-element elementor-element-ce22122 e-flex e-con-boxed e-con e-parent\" data-id=\"ce22122\" data-element_type=\"container\" data-e-type=\"container\" data-settings=\"{&quot;background_background&quot;:&quot;classic&quot;}\">\n\t\t\t\t\t<div class=\"e-con-inner\">\n\t\t<div class=\"elementor-element elementor-element-b1fd2e0 animated-slow e-flex e-con-boxed elementor-invisible e-con e-child\" data-id=\"b1fd2e0\" data-element_type=\"container\" data-e-type=\"container\" data-settings=\"{&quot;animation&quot;:&quot;fadeInUp&quot;,&quot;animation_delay&quot;:200}\">\n\t\t\t\t\t<div class=\"e-con-inner\">\n\t\t\t\t<div class=\"elementor-element elementor-element-655b9e3 elementor-widget elementor-widget-heading\" data-id=\"655b9e3\" data-element_type=\"widget\" data-e-type=\"widget\" data-widget_type=\"heading.default\">\n\t\t\t\t<div class=\"elementor-widget-container\">\n\t\t\t\t\t<h1 class=\"elementor-heading-title elementor-size-default\">Condizioni generali di vendita<\/h1>\t\t\t\t<\/div>\n\t\t\t\t<\/div>\n\t\t\t\t<div class=\"elementor-element elementor-element-d24479b elementor-widget elementor-widget-heading\" data-id=\"d24479b\" data-element_type=\"widget\" data-e-type=\"widget\" data-widget_type=\"heading.default\">\n\t\t\t\t<div class=\"elementor-widget-container\">\n\t\t\t\t\t<h1 class=\"elementor-heading-title elementor-size-default\">Affitti per le vacanze<\/h1>\t\t\t\t<\/div>\n\t\t\t\t<\/div>\n\t\t\t\t\t<\/div>\n\t\t\t\t<\/div>\n\t\t\t\t\t<\/div>\n\t\t\t\t<\/div>\n\t\t<div class=\"elementor-element elementor-element-0a7f516 e-flex e-con-boxed e-con e-parent\" data-id=\"0a7f516\" data-element_type=\"container\" data-e-type=\"container\">\n\t\t\t\t\t<div class=\"e-con-inner\">\n\t\t\t\t<div class=\"elementor-element elementor-element-4f723a9 elementor-widget elementor-widget-heading\" data-id=\"4f723a9\" data-element_type=\"widget\" data-e-type=\"widget\" data-widget_type=\"heading.default\">\n\t\t\t\t<div class=\"elementor-widget-container\">\n\t\t\t\t\t<h2 class=\"elementor-heading-title elementor-size-default\">Termini e condizioni<\/h2>\t\t\t\t<\/div>\n\t\t\t\t<\/div>\n\t\t\t\t<div class=\"elementor-element elementor-element-eff8668 elementor-widget elementor-widget-heading\" data-id=\"eff8668\" data-element_type=\"widget\" data-e-type=\"widget\" data-widget_type=\"heading.default\">\n\t\t\t\t<div class=\"elementor-widget-container\">\n\t\t\t\t\t<h3 class=\"elementor-heading-title elementor-size-default\">TASSI E TERMINI DI PAGAMENTO<\/h3>\t\t\t\t<\/div>\n\t\t\t\t<\/div>\n\t\t\t\t<div class=\"elementor-element elementor-element-8f7696b elementor-widget elementor-widget-text-editor\" data-id=\"8f7696b\" data-element_type=\"widget\" data-e-type=\"widget\" data-widget_type=\"text-editor.default\">\n\t\t\t\t<div class=\"elementor-widget-container\">\n\t\t\t\t\t\t\t\t\t<p>Per essere valide, le prenotazioni devono essere accompagnate da :<\/p><ul><li>Un deposito pari a 30 % del prezzo di affitto.<\/li><li>Un contratto di noleggio firmato.<\/li><\/ul><div>\u00a0<\/div><p>Il saldo del prezzo di affitto deve essere versato 30 giorni prima dell'inizio della vacanza.<\/p><p>Se il saldo non viene versato 30 giorni prima della data di arrivo dell'inquilino, l'agenzia si riserva il diritto di cancellare il soggiorno. In questo caso, si applicheranno le condizioni di cancellazione standard.<\/p><p>Per le prenotazioni effettuate meno di 30 giorni prima dell'inizio del soggiorno, il pagamento completo \u00e8 richiesto al momento della prenotazione.\u00a0<\/p><p>Tutti i nostri prezzi sono in franchi svizzeri, comprensivi di tutte le tasse, e includono le spese amministrative, l'affitto e le spese di servizio.\u00a0<\/p><p>L'alloggio viene affittato arredato a breve termine. Le date e gli orari di occupazione devono essere rispettati come indicato al momento della prenotazione.<\/p><p>La consegna delle chiavi avverr\u00e0 solo dopo il versamento della cauzione (l'importo dipende dal tipo di appartamento), il pagamento di eventuali servizi aggiuntivi prenotati (optional) e il pagamento della tassa di soggiorno.<\/p><p><u>Il prezzo di noleggio non include :<\/u><\/p><ul><li>Tassa di soggiorno (tariffa al giorno e per persona, a seconda della localit\u00e0)<\/li><li>Tutti i servizi accessori: trasferimenti aeroportuali, attrezzatura da sci, skipass e altro.<\/li><li>Eventuali spese bancarie sono a carico del cliente. Ove possibile, i pagamenti devono essere effettuati tramite bonifico bancario. Tuttavia, se il cliente desidera pagare con carta di credito, verranno applicate delle spese bancarie. <em>tassa di servizio per il pagamento con carta<\/em> equivalente a <strong>3 % dell'importo totale della fattura<\/strong> saranno applicate. Tali spese saranno chiaramente indicate prima della finalizzazione del pagamento e appariranno separatamente sulla fattura.<\/li><\/ul>\t\t\t\t\t\t\t\t<\/div>\n\t\t\t\t<\/div>\n\t\t\t\t<div class=\"elementor-element elementor-element-53fdced elementor-widget elementor-widget-heading\" data-id=\"53fdced\" data-element_type=\"widget\" data-e-type=\"widget\" data-widget_type=\"heading.default\">\n\t\t\t\t<div class=\"elementor-widget-container\">\n\t\t\t\t\t<h3 class=\"elementor-heading-title elementor-size-default\">ANNULLAMENTO<\/h3>\t\t\t\t<\/div>\n\t\t\t\t<\/div>\n\t\t\t\t<div class=\"elementor-element elementor-element-50dce5f elementor-widget elementor-widget-text-editor\" data-id=\"50dce5f\" data-element_type=\"widget\" data-e-type=\"widget\" data-widget_type=\"text-editor.default\">\n\t\t\t\t<div class=\"elementor-widget-container\">\n\t\t\t\t\t\t\t\t\t<p>Tutte le cancellazioni devono essere effettuate per iscritto e hanno effetto a partire dalla data di ricezione da parte dell'agenzia. Saranno prese in considerazione solo le lettere e le e-mail.\u00a0<span style=\"letter-spacing: 0px;\">Per il sabato, la domenica e gli altri giorni festivi si applica il giorno lavorativo successivo.<\/span><\/p><p><span style=\"letter-spacing: 0px;\">In caso di cancellazione da parte del locatario, si applicano le seguenti condizioni:<\/span><\/p><ul><li>Dalla data di prenotazione a 30 giorni prima dell'arrivo: la caparra non viene restituita all'inquilino.<\/li><li>A partire da 30 giorni prima della data di arrivo o in caso di mancata presentazione all'inizio del soggiorno: 100% del soggiorno sar\u00e0 addebitato all'inquilino.<\/li><\/ul><p>\u00a0<\/p><p>In caso di cancellazione per motivi validi, e se l'immobile viene riaffittato da noi, l'importo pagato pu\u00f2 essere rimborsato all'inquilino che non \u00e8 in grado di onorare il contratto. Qualsiasi soggiorno abbreviato o interrotto dall'inquilino non dar\u00e0 diritto ad alcun rimborso.<\/p><p>Se l'agenzia si trova costretta ad annullare il soggiorno nell'alloggio fornito, a causa di azioni di terzi o di circostanze esterne, fornir\u00e0, se possibile, un alloggio della stessa categoria, senza alcun costo aggiuntivo. In caso contrario, si impegna a rimborsare immediatamente tutte le somme versate.<\/p>\t\t\t\t\t\t\t\t<\/div>\n\t\t\t\t<\/div>\n\t\t\t\t<div class=\"elementor-element elementor-element-5fa53d2 elementor-widget elementor-widget-heading\" data-id=\"5fa53d2\" data-element_type=\"widget\" data-e-type=\"widget\" data-widget_type=\"heading.default\">\n\t\t\t\t<div class=\"elementor-widget-container\">\n\t\t\t\t\t<h3 class=\"elementor-heading-title elementor-size-default\">ASSICURAZIONE<\/h3>\t\t\t\t<\/div>\n\t\t\t\t<\/div>\n\t\t\t\t<div class=\"elementor-element elementor-element-c48089c elementor-widget elementor-widget-text-editor\" data-id=\"c48089c\" data-element_type=\"widget\" data-e-type=\"widget\" data-widget_type=\"text-editor.default\">\n\t\t\t\t<div class=\"elementor-widget-container\">\n\t\t\t\t\t\t\t\t\t<p>Gli inquilini sono interamente responsabili dei loro effetti personali durante il soggiorno.<\/p><p>L'inquilino \u00e8 responsabile di eventuali danni all'immobile e deve quindi stipulare un'assicurazione adeguata. Tale assicurazione deve coprire i rischi di furto, incendio, rottura dei vetri e danni causati dall'acqua, nonch\u00e9 tutti i rischi legati all'occupazione dell'immobile, compresi i danni causati ai vicini. L'inquilino deve essere in grado di fornire la prova di questa assicurazione su richiesta del proprietario o del suo agente. In questo modo, il proprietario e il suo agente sono esonerati da qualsiasi responsabilit\u00e0 per le richieste di risarcimento che la loro assicurazione potrebbe avanzare nei confronti dell'inquilino in caso di sinistro.<\/p>\t\t\t\t\t\t\t\t<\/div>\n\t\t\t\t<\/div>\n\t\t\t\t<div class=\"elementor-element elementor-element-0f531f9 elementor-widget elementor-widget-heading\" data-id=\"0f531f9\" data-element_type=\"widget\" data-e-type=\"widget\" data-widget_type=\"heading.default\">\n\t\t\t\t<div class=\"elementor-widget-container\">\n\t\t\t\t\t<h3 class=\"elementor-heading-title elementor-size-default\">DEPOSITO CAUZIONALE<\/h3>\t\t\t\t<\/div>\n\t\t\t\t<\/div>\n\t\t\t\t<div class=\"elementor-element elementor-element-554cd2b elementor-widget elementor-widget-text-editor\" data-id=\"554cd2b\" data-element_type=\"widget\" data-e-type=\"widget\" data-widget_type=\"text-editor.default\">\n\t\t\t\t<div class=\"elementor-widget-container\">\n\t\t\t\t\t\t\t\t\t<p>Alla consegna delle chiavi dell'immobile affittato viene richiesto un deposito cauzionale a copertura di eventuali danni a mobili e altri oggetti. Tale deposito pu\u00f2 essere versato con carta di credito o tramite bonifico bancario, secondo le condizioni specificate nel contratto.<\/p><p>Gli oggetti e i mobili forniti devono essere soggetti solo alla normale usura corrispondente all'uso previsto. Dopo la partenza dell'inquilino, l'agenzia effettuer\u00e0 un inventario degli arredi alla fine del periodo di locazione. Sulla base di tale inventario, il deposito cauzionale verr\u00e0 restituito entro due settimane, a meno che non vengano riscontrati danni. Se i costi di riparazione o sostituzione superano il valore del deposito cauzionale, l'inquilino dovr\u00e0 pagare immediatamente il saldo.<\/p>\t\t\t\t\t\t\t\t<\/div>\n\t\t\t\t<\/div>\n\t\t\t\t<div class=\"elementor-element elementor-element-ba693b6 elementor-widget elementor-widget-heading\" data-id=\"ba693b6\" data-element_type=\"widget\" data-e-type=\"widget\" data-widget_type=\"heading.default\">\n\t\t\t\t<div class=\"elementor-widget-container\">\n\t\t\t\t\t<h3 class=\"elementor-heading-title elementor-size-default\">SERVIZI DI PORTINERIA<\/h3>\t\t\t\t<\/div>\n\t\t\t\t<\/div>\n\t\t\t\t<div class=\"elementor-element elementor-element-15d70b9 elementor-widget elementor-widget-text-editor\" data-id=\"15d70b9\" data-element_type=\"widget\" data-e-type=\"widget\" data-widget_type=\"text-editor.default\">\n\t\t\t\t<div class=\"elementor-widget-container\">\n\t\t\t\t\t\t\t\t\t<p>Ai nostri servizi di portineria (trasferimenti in taxi, pulizie, ecc.) pu\u00f2 essere aggiunto un supplemento fino a 20 % (sul prezzo IVA esclusa).<\/p><p><em>* Il 1\u00b0 gennaio 2024 l'aliquota IVA ordinaria sar\u00e0 dell'8,1 %.<\/em><\/p>\t\t\t\t\t\t\t\t<\/div>\n\t\t\t\t<\/div>\n\t\t\t\t<div class=\"elementor-element elementor-element-651c250 elementor-widget elementor-widget-heading\" data-id=\"651c250\" data-element_type=\"widget\" data-e-type=\"widget\" data-widget_type=\"heading.default\">\n\t\t\t\t<div class=\"elementor-widget-container\">\n\t\t\t\t\t<h3 class=\"elementor-heading-title elementor-size-default\">ARRIVO<\/h3>\t\t\t\t<\/div>\n\t\t\t\t<\/div>\n\t\t\t\t<div class=\"elementor-element elementor-element-cbabc87 elementor-widget elementor-widget-text-editor\" data-id=\"cbabc87\" data-element_type=\"widget\" data-e-type=\"widget\" data-widget_type=\"text-editor.default\">\n\t\t\t\t<div class=\"elementor-widget-container\">\n\t\t\t\t\t\t\t\t\t<p>Se non diversamente indicato, ogni inquilino deve presentarsi all'agenzia all'arrivo e sar\u00e0 poi indirizzato all'immobile affittato.<\/p><ul><li>I noleggi iniziano alle 17:00.<\/li><li>Gli arrivi sono indipendenti dalla cassetta delle chiavi.<\/li><li>Se l'arrivo avviene con un ricevimento privato, qualsiasi arrivo tardivo, cio\u00e8 dopo le 19.00, deve essere comunicato all'agenzia entro le 12.00. L'agenzia non sar\u00e0 in grado di organizzare arrivi dopo la mezzanotte. Potrebbero essere applicati costi aggiuntivi.<\/li><\/ul>\t\t\t\t\t\t\t\t<\/div>\n\t\t\t\t<\/div>\n\t\t\t\t<div class=\"elementor-element elementor-element-3ebb127 elementor-widget elementor-widget-heading\" data-id=\"3ebb127\" data-element_type=\"widget\" data-e-type=\"widget\" data-widget_type=\"heading.default\">\n\t\t\t\t<div class=\"elementor-widget-container\">\n\t\t\t\t\t<h3 class=\"elementor-heading-title elementor-size-default\">INIZIO<\/h3>\t\t\t\t<\/div>\n\t\t\t\t<\/div>\n\t\t\t\t<div class=\"elementor-element elementor-element-290e832 elementor-widget elementor-widget-text-editor\" data-id=\"290e832\" data-element_type=\"widget\" data-e-type=\"widget\" data-widget_type=\"text-editor.default\">\n\t\t\t\t<div class=\"elementor-widget-container\">\n\t\t\t\t\t\t\t\t\t<ul><li>Il giorno della partenza, l'alloggio deve essere lasciato libero entro le ore 11.00, al momento della consegna delle chiavi.<\/li><li>Ogni partenza ritardata non confermata dall'agenzia sar\u00e0 fatturata a un prezzo compreso tra 100 CHF\/ora e 1.000 CHF\/ora, a seconda dell'immobile affittato (appartamento o chalet).<\/li><li>Il pagamento completo della fattura di fine soggiorno deve essere effettuato entro il giorno precedente la partenza dell'inquilino (cio\u00e8 il venerd\u00ec).<\/li><li>Le chiavi, i telecomandi o i segnalatori acustici non restituiti saranno fatturati al prezzo di acquisto.<\/li><\/ul>\t\t\t\t\t\t\t\t<\/div>\n\t\t\t\t<\/div>\n\t\t\t\t<div class=\"elementor-element elementor-element-1c5f061 elementor-widget elementor-widget-heading\" data-id=\"1c5f061\" data-element_type=\"widget\" data-e-type=\"widget\" data-widget_type=\"heading.default\">\n\t\t\t\t<div class=\"elementor-widget-container\">\n\t\t\t\t\t<h3 class=\"elementor-heading-title elementor-size-default\">DURATA DEL SOGGIORNO<\/h3>\t\t\t\t<\/div>\n\t\t\t\t<\/div>\n\t\t\t\t<div class=\"elementor-element elementor-element-e636fba elementor-widget elementor-widget-text-editor\" data-id=\"e636fba\" data-element_type=\"widget\" data-e-type=\"widget\" data-widget_type=\"text-editor.default\">\n\t\t\t\t<div class=\"elementor-widget-container\">\n\t\t\t\t\t\t\t\t\t<p>La durata del soggiorno \u00e8 specificata nelle condizioni speciali del presente contratto. In nessun caso l'inquilino pu\u00f2 rimanere nei locali dopo questo periodo, se non previo accordo con l'agenzia, dietro pagamento di un supplemento che sar\u00e0 fissato proporzionalmente al prezzo del soggiorno.<\/p><p>L'inquilino dichiara sul proprio onore che non esercita o cerca di esercitare alcuna professione nei locali affittati e che i locali oggetto del presente contratto gli sono affittati solo come residenza temporanea, condizioni essenziali senza le quali il presente contratto di locazione non sarebbe stato concesso.<\/p>\t\t\t\t\t\t\t\t<\/div>\n\t\t\t\t<\/div>\n\t\t\t\t<div class=\"elementor-element elementor-element-c82716b elementor-widget elementor-widget-heading\" data-id=\"c82716b\" data-element_type=\"widget\" data-e-type=\"widget\" data-widget_type=\"heading.default\">\n\t\t\t\t<div class=\"elementor-widget-container\">\n\t\t\t\t\t<h3 class=\"elementor-heading-title elementor-size-default\">STATO DI GIOCO<\/h3>\t\t\t\t<\/div>\n\t\t\t\t<\/div>\n\t\t\t\t<div class=\"elementor-element elementor-element-64f3e54 elementor-widget elementor-widget-text-editor\" data-id=\"64f3e54\" data-element_type=\"widget\" data-e-type=\"widget\" data-widget_type=\"text-editor.default\">\n\t\t\t\t<div class=\"elementor-widget-container\">\n\t\t\t\t\t\t\t\t\tL'inventario degli arredi, sia all'arrivo che alla partenza, sar\u00e0 effettuato unilateralmente dall'agenzia prima dell'arrivo e dopo la partenza dell'inquilino. Poich\u00e9 tale inventario non viene effettuato in presenza di entrambe le parti, l'inquilino avr\u00e0 12 ore di tempo per presentare eventuali reclami. Trascorso questo periodo, l'immobile affittato sar\u00e0 considerato privo di danni al momento dell'arrivo e verr\u00e0 accettato cos\u00ec com'\u00e8. \t\t\t\t\t\t\t\t<\/div>\n\t\t\t\t<\/div>\n\t\t\t\t<div class=\"elementor-element elementor-element-d0b4beb elementor-widget elementor-widget-heading\" data-id=\"d0b4beb\" data-element_type=\"widget\" data-e-type=\"widget\" data-widget_type=\"heading.default\">\n\t\t\t\t<div class=\"elementor-widget-container\">\n\t\t\t\t\t<h3 class=\"elementor-heading-title elementor-size-default\">OBBLIGHI DEI LOCATARI<\/h3>\t\t\t\t<\/div>\n\t\t\t\t<\/div>\n\t\t\t\t<div class=\"elementor-element elementor-element-6863312 elementor-widget elementor-widget-text-editor\" data-id=\"6863312\" data-element_type=\"widget\" data-e-type=\"widget\" data-widget_type=\"text-editor.default\">\n\t\t\t\t<div class=\"elementor-widget-container\">\n\t\t\t\t\t\t\t\t\t<p>- Occupare l'edificio affittato, che \u00e8 di propriet\u00e0 privata, su base commerciale. L'inquilino si impegna a utilizzare l'edificio solo a titolo temporaneo. In nessun caso l'edificio sar\u00e0 la residenza principale o secondaria dell'affittuario e l'affittuario non vi svolger\u00e0 alcuna attivit\u00e0 professionale, artigianale o commerciale.<br \/>- Il locatario si impegna a prendere possesso dei locali affittati nelle condizioni in cui si trovano al momento della presa di possesso, come descritto nella descrizione del presente contratto.<br \/>- Occupare lo chalet o l'appartamento in modo da non arrecare alcun disturbo ai vicini, in particolare evitando qualsiasi rumore o altro disturbo.<br \/>- Mantenere i locali in buone condizioni durante il soggiorno.<br \/>- Non portate animali, a meno che non siano autorizzati dall'agenzia, che chieder\u00e0 il consenso preventivo del proprietario con un costo aggiuntivo.<br \/>- Comunicare all'agenzia eventuali piccoli interventi di manutenzione.<br \/>- Consentire l'esecuzione di eventuali lavori urgenti. Se i lavori sono dovuti a deterioramenti imputabili all'inquilino, saranno addebitati a quest'ultimo.<br \/>- In caso di locazione in un edificio, i locatari dovranno rispettare, in quanto occupanti dei locali, il regolamento interno dell'edificio, di cui dichiarano di aver preso visione.<\/p>\t\t\t\t\t\t\t\t<\/div>\n\t\t\t\t<\/div>\n\t\t\t\t<div class=\"elementor-element elementor-element-6d8263f elementor-widget elementor-widget-heading\" data-id=\"6d8263f\" data-element_type=\"widget\" data-e-type=\"widget\" data-widget_type=\"heading.default\">\n\t\t\t\t<div class=\"elementor-widget-container\">\n\t\t\t\t\t<h3 class=\"elementor-heading-title elementor-size-default\">GLI OBBLIGHI DELL'AGENZIA<\/h3>\t\t\t\t<\/div>\n\t\t\t\t<\/div>\n\t\t\t\t<div class=\"elementor-element elementor-element-4d72f8d elementor-widget elementor-widget-text-editor\" data-id=\"4d72f8d\" data-element_type=\"widget\" data-e-type=\"widget\" data-widget_type=\"text-editor.default\">\n\t\t\t\t<div class=\"elementor-widget-container\">\n\t\t\t\t\t\t\t\t\t<p>- L'agenzia si impegna a fornire l'immobile e i suoi accessori come descritto nella descrizione ricevuta al momento della prenotazione e a rispettare gli obblighi derivanti dal presente contratto.<br \/>- L'agenzia non \u00e8 responsabile di eventuali irregolarit\u00e0 nei servizi di acqua, riscaldamento o illuminazione, n\u00e9 dell'apertura di strade innevate, e in generale declina ogni responsabilit\u00e0 per eventuali mancati godimenti non imputabili a lei.<\/p>\t\t\t\t\t\t\t\t<\/div>\n\t\t\t\t<\/div>\n\t\t\t\t<div class=\"elementor-element elementor-element-a2e8600 elementor-widget elementor-widget-heading\" data-id=\"a2e8600\" data-element_type=\"widget\" data-e-type=\"widget\" data-widget_type=\"heading.default\">\n\t\t\t\t<div class=\"elementor-widget-container\">\n\t\t\t\t\t<h3 class=\"elementor-heading-title elementor-size-default\">RICHIESTE<\/h3>\t\t\t\t<\/div>\n\t\t\t\t<\/div>\n\t\t\t\t<div class=\"elementor-element elementor-element-99676fc elementor-widget elementor-widget-text-editor\" data-id=\"99676fc\" data-element_type=\"widget\" data-e-type=\"widget\" data-widget_type=\"text-editor.default\">\n\t\t\t\t<div class=\"elementor-widget-container\">\n\t\t\t\t\t\t\t\t\t<p>Qualsiasi reclamo relativo a un servizio deve essere rivolto all'agenzia entro 24 ore dal trasferimento.<\/p><p>Se il cliente rinuncia a uno o pi\u00f9 servizi inclusi nel pacchetto, l'agenzia non pu\u00f2 rimborsare il cliente n\u00e9 effettuare alcuna compensazione.<\/p>\t\t\t\t\t\t\t\t<\/div>\n\t\t\t\t<\/div>\n\t\t\t\t<div class=\"elementor-element elementor-element-b8da6b4 elementor-widget elementor-widget-heading\" data-id=\"b8da6b4\" data-element_type=\"widget\" data-e-type=\"widget\" data-widget_type=\"heading.default\">\n\t\t\t\t<div class=\"elementor-widget-container\">\n\t\t\t\t\t<div class=\"elementor-heading-title elementor-size-default\">Aggiornato il 23\/12\/2024<\/div>\t\t\t\t<\/div>\n\t\t\t\t<\/div>\n\t\t\t\t\t<\/div>\n\t\t\t\t<\/div>\n\t\t\t\t<\/div>","protected":false},"excerpt":{"rendered":"<p>Conditions g\u00e9n\u00e9rales de vente Location de vacances Conditions G\u00e9n\u00e9rales de Location TARIFS ET CONDITIONS DE R\u00c8GLEMENTS Pour \u00eatre valide, la r\u00e9servation doit \u00eatre accompagn\u00e9e : D\u2019un acompte, \u00e9gal \u00e0 30 % du prix de la location. Du contrat de location sign\u00e9. \u00a0 Le solde du prix de la location devra \u00eatre vers\u00e9 30 jours avant [&hellip;]<\/p>\n","protected":false},"author":7,"featured_media":0,"parent":8804,"menu_order":0,"comment_status":"closed","ping_status":"closed","template":"elementor_header_footer","meta":{"_monsterinsights_skip_tracking":false,"_monsterinsights_sitenote_active":false,"_monsterinsights_sitenote_note":"","_monsterinsights_sitenote_category":0,"footnotes":""},"class_list":["post-8781","page","type-page","status-publish","hentry"],"_links":{"self":[{"href":"https:\/\/www.cosyhomeconciergerie.ch\/it\/wp-json\/wp\/v2\/pages\/8781","targetHints":{"allow":["GET"]}}],"collection":[{"href":"https:\/\/www.cosyhomeconciergerie.ch\/it\/wp-json\/wp\/v2\/pages"}],"about":[{"href":"https:\/\/www.cosyhomeconciergerie.ch\/it\/wp-json\/wp\/v2\/types\/page"}],"author":[{"embeddable":true,"href":"https:\/\/www.cosyhomeconciergerie.ch\/it\/wp-json\/wp\/v2\/users\/7"}],"replies":[{"embeddable":true,"href":"https:\/\/www.cosyhomeconciergerie.ch\/it\/wp-json\/wp\/v2\/comments?post=8781"}],"version-history":[{"count":0,"href":"https:\/\/www.cosyhomeconciergerie.ch\/it\/wp-json\/wp\/v2\/pages\/8781\/revisions"}],"up":[{"embeddable":true,"href":"https:\/\/www.cosyhomeconciergerie.ch\/it\/wp-json\/wp\/v2\/pages\/8804"}],"wp:attachment":[{"href":"https:\/\/www.cosyhomeconciergerie.ch\/it\/wp-json\/wp\/v2\/media?parent=8781"}],"curies":[{"name":"wp","href":"https:\/\/api.w.org\/{rel}","templated":true}]}}