{"id":8781,"date":"2024-06-22T20:15:44","date_gmt":"2024-06-22T18:15:44","guid":{"rendered":"https:\/\/www.cosyhomeconciergerie.ch\/?page_id=8781"},"modified":"2024-12-23T13:25:49","modified_gmt":"2024-12-23T12:25:49","slug":"rental","status":"publish","type":"page","link":"https:\/\/www.cosyhomeconciergerie.ch\/en\/cgv\/location\/","title":{"rendered":"General terms and conditions of sale - Rental"},"content":{"rendered":"<div data-elementor-type=\"wp-page\" data-elementor-id=\"8781\" class=\"elementor elementor-8781\" data-elementor-post-type=\"page\">\n\t\t\t\t<div class=\"elementor-element elementor-element-ce22122 e-flex e-con-boxed e-con e-parent\" data-id=\"ce22122\" data-element_type=\"container\" data-e-type=\"container\" data-settings=\"{&quot;background_background&quot;:&quot;classic&quot;}\">\n\t\t\t\t\t<div class=\"e-con-inner\">\n\t\t<div class=\"elementor-element elementor-element-b1fd2e0 animated-slow e-flex e-con-boxed elementor-invisible e-con e-child\" data-id=\"b1fd2e0\" data-element_type=\"container\" data-e-type=\"container\" data-settings=\"{&quot;animation&quot;:&quot;fadeInUp&quot;,&quot;animation_delay&quot;:200}\">\n\t\t\t\t\t<div class=\"e-con-inner\">\n\t\t\t\t<div class=\"elementor-element elementor-element-655b9e3 elementor-widget elementor-widget-heading\" data-id=\"655b9e3\" data-element_type=\"widget\" data-e-type=\"widget\" data-widget_type=\"heading.default\">\n\t\t\t\t<div class=\"elementor-widget-container\">\n\t\t\t\t\t<h1 class=\"elementor-heading-title elementor-size-default\">Terms and conditions of sale<\/h1>\t\t\t\t<\/div>\n\t\t\t\t<\/div>\n\t\t\t\t<div class=\"elementor-element elementor-element-d24479b elementor-widget elementor-widget-heading\" data-id=\"d24479b\" data-element_type=\"widget\" data-e-type=\"widget\" data-widget_type=\"heading.default\">\n\t\t\t\t<div class=\"elementor-widget-container\">\n\t\t\t\t\t<h1 class=\"elementor-heading-title elementor-size-default\">Holiday rentals<\/h1>\t\t\t\t<\/div>\n\t\t\t\t<\/div>\n\t\t\t\t\t<\/div>\n\t\t\t\t<\/div>\n\t\t\t\t\t<\/div>\n\t\t\t\t<\/div>\n\t\t<div class=\"elementor-element elementor-element-0a7f516 e-flex e-con-boxed e-con e-parent\" data-id=\"0a7f516\" data-element_type=\"container\" data-e-type=\"container\">\n\t\t\t\t\t<div class=\"e-con-inner\">\n\t\t\t\t<div class=\"elementor-element elementor-element-4f723a9 elementor-widget elementor-widget-heading\" data-id=\"4f723a9\" data-element_type=\"widget\" data-e-type=\"widget\" data-widget_type=\"heading.default\">\n\t\t\t\t<div class=\"elementor-widget-container\">\n\t\t\t\t\t<h2 class=\"elementor-heading-title elementor-size-default\">Terms and Conditions<\/h2>\t\t\t\t<\/div>\n\t\t\t\t<\/div>\n\t\t\t\t<div class=\"elementor-element elementor-element-eff8668 elementor-widget elementor-widget-heading\" data-id=\"eff8668\" data-element_type=\"widget\" data-e-type=\"widget\" data-widget_type=\"heading.default\">\n\t\t\t\t<div class=\"elementor-widget-container\">\n\t\t\t\t\t<h3 class=\"elementor-heading-title elementor-size-default\">RATES AND TERMS OF PAYMENT<\/h3>\t\t\t\t<\/div>\n\t\t\t\t<\/div>\n\t\t\t\t<div class=\"elementor-element elementor-element-8f7696b elementor-widget elementor-widget-text-editor\" data-id=\"8f7696b\" data-element_type=\"widget\" data-e-type=\"widget\" data-widget_type=\"text-editor.default\">\n\t\t\t\t<div class=\"elementor-widget-container\">\n\t\t\t\t\t\t\t\t\t<p>To be valid, reservations must be accompanied by :<\/p><ul><li>A deposit equal to 30 % of the rental price.<\/li><li>A signed rental contract.<\/li><\/ul><div>\u00a0<\/div><p>The balance of the rental price must be paid 30 days before the start of the holiday.<\/p><p>If the balance is not paid 30 days before the tenant's arrival date, the agency reserves the right to cancel the holiday. In this case, the standard cancellation conditions will apply.<\/p><p>For bookings made less than 30 days before the start of the holiday, full payment is required at the time of booking.\u00a0<\/p><p>All our prices are in Swiss francs, inclusive of all taxes, and include administration fees, rent and service charges.\u00a0<\/p><p>The accommodation is rented furnished on a short-term basis. The dates and times of occupancy must be respected as indicated at the time of booking.<\/p><p>The keys will not be handed over until the deposit has been paid (the amount depends on the type of flat), any additional services booked (optional extras) have been paid for, and the tourist tax has been paid.<\/p><p><u>The rental price does not include :<\/u><\/p><ul><li>Tourist tax (rate per day and per person, depending on locality)<\/li><li>All ancillary services: airport transfers, ski equipment, ski passes and more.<\/li><li>Any bank charges are payable by the customer. Wherever possible, payments should be made by bank transfer. However, if the customer wishes to pay by credit card, bank charges will apply. <em>service charge for payment by card<\/em> equivalent to <strong>3 % of the total invoice amount<\/strong> will be applied. These charges will be clearly indicated before payment is finalised and will appear separately on the invoice.<\/li><\/ul>\t\t\t\t\t\t\t\t<\/div>\n\t\t\t\t<\/div>\n\t\t\t\t<div class=\"elementor-element elementor-element-53fdced elementor-widget elementor-widget-heading\" data-id=\"53fdced\" data-element_type=\"widget\" data-e-type=\"widget\" data-widget_type=\"heading.default\">\n\t\t\t\t<div class=\"elementor-widget-container\">\n\t\t\t\t\t<h3 class=\"elementor-heading-title elementor-size-default\">CANCELLATION<\/h3>\t\t\t\t<\/div>\n\t\t\t\t<\/div>\n\t\t\t\t<div class=\"elementor-element elementor-element-50dce5f elementor-widget elementor-widget-text-editor\" data-id=\"50dce5f\" data-element_type=\"widget\" data-e-type=\"widget\" data-widget_type=\"text-editor.default\">\n\t\t\t\t<div class=\"elementor-widget-container\">\n\t\t\t\t\t\t\t\t\t<p>All cancellations must be made in writing and are effective from the date of receipt by the agency. Only letters and e-mails will be considered.\u00a0<span style=\"letter-spacing: 0px;\">For Saturdays, Sundays and other public holidays, the next working day applies.<\/span><\/p><p><span style=\"letter-spacing: 0px;\">In the event of cancellation by the hirer, the following conditions will apply:<\/span><\/p><ul><li>From the date of booking to 30 days before arrival: the deposit is not returned to the tenant.<\/li><li>From 30 days before the arrival date or in case of no-show at the beginning of the stay: 100% of the stay will be charged to the tenant.<\/li><\/ul><p>\u00a0<\/p><p>In the event of cancellation for good reason, and if the property is re-let by us, the amount paid may be refunded to the tenant who is unable to honour the contract. Any stay cut short or interrupted by the tenant will not entitle him\/her to any refund.<\/p><p>If the agency finds itself obliged to cancel the stay in the accommodation provided, due to the actions of third parties or external circumstances, it will, if possible, provide accommodation of the same category, without any additional charge. Otherwise, it undertakes to refund all sums paid immediately.<\/p>\t\t\t\t\t\t\t\t<\/div>\n\t\t\t\t<\/div>\n\t\t\t\t<div class=\"elementor-element elementor-element-5fa53d2 elementor-widget elementor-widget-heading\" data-id=\"5fa53d2\" data-element_type=\"widget\" data-e-type=\"widget\" data-widget_type=\"heading.default\">\n\t\t\t\t<div class=\"elementor-widget-container\">\n\t\t\t\t\t<h3 class=\"elementor-heading-title elementor-size-default\">INSURANCE<\/h3>\t\t\t\t<\/div>\n\t\t\t\t<\/div>\n\t\t\t\t<div class=\"elementor-element elementor-element-c48089c elementor-widget elementor-widget-text-editor\" data-id=\"c48089c\" data-element_type=\"widget\" data-e-type=\"widget\" data-widget_type=\"text-editor.default\">\n\t\t\t\t<div class=\"elementor-widget-container\">\n\t\t\t\t\t\t\t\t\t<p>Tenants are entirely responsible for their personal belongings during their stay.<\/p><p>The tenant is responsible for any damage to the property, and must therefore take out appropriate insurance. This insurance must cover the risks of theft, fire, glass breakage and water damage, as well as all risks associated with occupancy of the property, including any damage caused to neighbours. The tenant must be able to provide proof of this insurance at the request of the landlord or his agent. In this way, the owner and his agent are released from any liability for claims that their insurance may make against the tenant in the event of a claim.<\/p>\t\t\t\t\t\t\t\t<\/div>\n\t\t\t\t<\/div>\n\t\t\t\t<div class=\"elementor-element elementor-element-0f531f9 elementor-widget elementor-widget-heading\" data-id=\"0f531f9\" data-element_type=\"widget\" data-e-type=\"widget\" data-widget_type=\"heading.default\">\n\t\t\t\t<div class=\"elementor-widget-container\">\n\t\t\t\t\t<h3 class=\"elementor-heading-title elementor-size-default\">SECURITY DEPOSIT<\/h3>\t\t\t\t<\/div>\n\t\t\t\t<\/div>\n\t\t\t\t<div class=\"elementor-element elementor-element-554cd2b elementor-widget elementor-widget-text-editor\" data-id=\"554cd2b\" data-element_type=\"widget\" data-e-type=\"widget\" data-widget_type=\"text-editor.default\">\n\t\t\t\t<div class=\"elementor-widget-container\">\n\t\t\t\t\t\t\t\t\t<p>A security deposit is required when the keys to the rented property are handed over, to cover any damage to furniture and other items. This deposit can be paid either by credit card or by bank transfer, in accordance with the conditions specified in the contract.<\/p><p>The objects and furniture provided must only be subject to normal wear and tear corresponding to their intended use. After the tenant has left, the agency will carry out an inventory of fixtures at the end of the rental period. Based on this inventory, the security deposit will be returned within two weeks, unless any damage is found. If repair or replacement costs are necessary in excess of the value of the security deposit, the tenant will be required to pay the balance immediately.<\/p>\t\t\t\t\t\t\t\t<\/div>\n\t\t\t\t<\/div>\n\t\t\t\t<div class=\"elementor-element elementor-element-ba693b6 elementor-widget elementor-widget-heading\" data-id=\"ba693b6\" data-element_type=\"widget\" data-e-type=\"widget\" data-widget_type=\"heading.default\">\n\t\t\t\t<div class=\"elementor-widget-container\">\n\t\t\t\t\t<h3 class=\"elementor-heading-title elementor-size-default\">CONCIERGE SERVICES<\/h3>\t\t\t\t<\/div>\n\t\t\t\t<\/div>\n\t\t\t\t<div class=\"elementor-element elementor-element-15d70b9 elementor-widget elementor-widget-text-editor\" data-id=\"15d70b9\" data-element_type=\"widget\" data-e-type=\"widget\" data-widget_type=\"text-editor.default\">\n\t\t\t\t<div class=\"elementor-widget-container\">\n\t\t\t\t\t\t\t\t\t<p>A surcharge of up to 20 % (on the price excluding VAT) may be added to our concierge services (taxi transfers, cleaning, etc.).<\/p><p><em>* On 1 January 2024, the standard rate of VAT will be 8.1 %.<\/em><\/p>\t\t\t\t\t\t\t\t<\/div>\n\t\t\t\t<\/div>\n\t\t\t\t<div class=\"elementor-element elementor-element-651c250 elementor-widget elementor-widget-heading\" data-id=\"651c250\" data-element_type=\"widget\" data-e-type=\"widget\" data-widget_type=\"heading.default\">\n\t\t\t\t<div class=\"elementor-widget-container\">\n\t\t\t\t\t<h3 class=\"elementor-heading-title elementor-size-default\">ARRIVAL<\/h3>\t\t\t\t<\/div>\n\t\t\t\t<\/div>\n\t\t\t\t<div class=\"elementor-element elementor-element-cbabc87 elementor-widget elementor-widget-text-editor\" data-id=\"cbabc87\" data-element_type=\"widget\" data-e-type=\"widget\" data-widget_type=\"text-editor.default\">\n\t\t\t\t<div class=\"elementor-widget-container\">\n\t\t\t\t\t\t\t\t\t<p>Unless otherwise indicated, each tenant must report to the agency on arrival and will then be directed to the rented property.<\/p><ul><li>Rentals start at 5pm.<\/li><li>Arrivals are independent by key box.<\/li><li>If the arrival takes place with a private reception, any late arrival, i.e. after 7 p.m., must be notified to the agency before 12 noon. The agency will not be able to organise arrivals after midnight. Additional charges may apply.<\/li><\/ul>\t\t\t\t\t\t\t\t<\/div>\n\t\t\t\t<\/div>\n\t\t\t\t<div class=\"elementor-element elementor-element-3ebb127 elementor-widget elementor-widget-heading\" data-id=\"3ebb127\" data-element_type=\"widget\" data-e-type=\"widget\" data-widget_type=\"heading.default\">\n\t\t\t\t<div class=\"elementor-widget-container\">\n\t\t\t\t\t<h3 class=\"elementor-heading-title elementor-size-default\">START<\/h3>\t\t\t\t<\/div>\n\t\t\t\t<\/div>\n\t\t\t\t<div class=\"elementor-element elementor-element-290e832 elementor-widget elementor-widget-text-editor\" data-id=\"290e832\" data-element_type=\"widget\" data-e-type=\"widget\" data-widget_type=\"text-editor.default\">\n\t\t\t\t<div class=\"elementor-widget-container\">\n\t\t\t\t\t\t\t\t\t<ul><li>On the day of departure, the accommodation must be vacated by 11.00 a.m., when the keys are handed over.<\/li><li>Any delayed departure not confirmed by the agency will be billed at between CHF 100\/hour and CHF 1,000\/hour, depending on the property rented (flat or chalet).<\/li><li>Full payment of the end-of-stay invoice must be made no later than the day before the tenant's departure (i.e. Friday).<\/li><li>Any key, remote control or beeper not returned will be invoiced at the purchase price.<\/li><\/ul>\t\t\t\t\t\t\t\t<\/div>\n\t\t\t\t<\/div>\n\t\t\t\t<div class=\"elementor-element elementor-element-1c5f061 elementor-widget elementor-widget-heading\" data-id=\"1c5f061\" data-element_type=\"widget\" data-e-type=\"widget\" data-widget_type=\"heading.default\">\n\t\t\t\t<div class=\"elementor-widget-container\">\n\t\t\t\t\t<h3 class=\"elementor-heading-title elementor-size-default\">LENGTH OF STAY<\/h3>\t\t\t\t<\/div>\n\t\t\t\t<\/div>\n\t\t\t\t<div class=\"elementor-element elementor-element-e636fba elementor-widget elementor-widget-text-editor\" data-id=\"e636fba\" data-element_type=\"widget\" data-e-type=\"widget\" data-widget_type=\"text-editor.default\">\n\t\t\t\t<div class=\"elementor-widget-container\">\n\t\t\t\t\t\t\t\t\t<p>The duration of the stay is specified in the special conditions of this contract. Under no circumstances may the tenant remain on the premises after this period, unless with the prior agreement of the agency, in return for an additional fee, which will be set pro rata to the price of the stay.<\/p><p>The tenant declares on his honour that he does not exercise or seek to exercise any profession in the rented premises and that the premises covered by this contract are rented to him only as a temporary residence, essential conditions without which this lease would not have been granted.<\/p>\t\t\t\t\t\t\t\t<\/div>\n\t\t\t\t<\/div>\n\t\t\t\t<div class=\"elementor-element elementor-element-c82716b elementor-widget elementor-widget-heading\" data-id=\"c82716b\" data-element_type=\"widget\" data-e-type=\"widget\" data-widget_type=\"heading.default\">\n\t\t\t\t<div class=\"elementor-widget-container\">\n\t\t\t\t\t<h3 class=\"elementor-heading-title elementor-size-default\">STATE OF PLAY<\/h3>\t\t\t\t<\/div>\n\t\t\t\t<\/div>\n\t\t\t\t<div class=\"elementor-element elementor-element-64f3e54 elementor-widget elementor-widget-text-editor\" data-id=\"64f3e54\" data-element_type=\"widget\" data-e-type=\"widget\" data-widget_type=\"text-editor.default\">\n\t\t\t\t<div class=\"elementor-widget-container\">\n\t\t\t\t\t\t\t\t\tThe inventory of fixtures and fittings, both on arrival and on departure, will be carried out unilaterally by the agency before the arrival and after the departure of the tenant. As this inventory is not carried out in the presence of both parties, the tenant will have 12 hours in which to make any complaints. Once this period has elapsed, the rented property will be deemed to have been free of damage on arrival and will be accepted as it is. \t\t\t\t\t\t\t\t<\/div>\n\t\t\t\t<\/div>\n\t\t\t\t<div class=\"elementor-element elementor-element-d0b4beb elementor-widget elementor-widget-heading\" data-id=\"d0b4beb\" data-element_type=\"widget\" data-e-type=\"widget\" data-widget_type=\"heading.default\">\n\t\t\t\t<div class=\"elementor-widget-container\">\n\t\t\t\t\t<h3 class=\"elementor-heading-title elementor-size-default\">OBLIGATIONS OF TENANTS<\/h3>\t\t\t\t<\/div>\n\t\t\t\t<\/div>\n\t\t\t\t<div class=\"elementor-element elementor-element-6863312 elementor-widget elementor-widget-text-editor\" data-id=\"6863312\" data-element_type=\"widget\" data-e-type=\"widget\" data-widget_type=\"text-editor.default\">\n\t\t\t\t<div class=\"elementor-widget-container\">\n\t\t\t\t\t\t\t\t\t<p>- To occupy the rented building, which is privately owned, on a commercial basis. The tenant undertakes to use the building only on a temporary basis. Under no circumstances will the building be the tenant's principal or secondary residence, and the tenant will not carry on any professional, craft or commercial activity there.<br \/>- The lessee undertakes to take the rented premises in the condition in which they are when he\/she takes possession of them, as described in the description of this contract.<br \/>- Occupy the chalet or flat in such a way as not to cause any nuisance to the neighbours, in particular by avoiding any noise or other nuisance.<br \/>- Keep the premises in good condition during your stay.<br \/>- Do not bring in any animals, unless authorised by the agency, which will seek the owner's prior agreement at an additional cost.<br \/>- Notify the agency of any minor maintenance work it may have noticed.<br \/>- Allow any urgent work to be carried out. If the work is due to deterioration attributable to the tenant, the tenant will be billed for it.<br \/>- In the case of rental in a building, the lessees shall comply, as occupants of the premises, with the building's internal regulations, which they acknowledge having read.<\/p>\t\t\t\t\t\t\t\t<\/div>\n\t\t\t\t<\/div>\n\t\t\t\t<div class=\"elementor-element elementor-element-6d8263f elementor-widget elementor-widget-heading\" data-id=\"6d8263f\" data-element_type=\"widget\" data-e-type=\"widget\" data-widget_type=\"heading.default\">\n\t\t\t\t<div class=\"elementor-widget-container\">\n\t\t\t\t\t<h3 class=\"elementor-heading-title elementor-size-default\">THE AGENCY'S OBLIGATIONS<\/h3>\t\t\t\t<\/div>\n\t\t\t\t<\/div>\n\t\t\t\t<div class=\"elementor-element elementor-element-4d72f8d elementor-widget elementor-widget-text-editor\" data-id=\"4d72f8d\" data-element_type=\"widget\" data-e-type=\"widget\" data-widget_type=\"text-editor.default\">\n\t\t\t\t<div class=\"elementor-widget-container\">\n\t\t\t\t\t\t\t\t\t<p>- The agency undertakes to provide the property and its accessories as described in the description received at the time of booking and to comply with the obligations arising from this contract.<br \/>- The agency is not responsible for any irregularity in the water, heating or lighting services, or for the opening of snow-covered roads, and generally declines all liability for any lack of enjoyment that is not its fault.<\/p>\t\t\t\t\t\t\t\t<\/div>\n\t\t\t\t<\/div>\n\t\t\t\t<div class=\"elementor-element elementor-element-a2e8600 elementor-widget elementor-widget-heading\" data-id=\"a2e8600\" data-element_type=\"widget\" data-e-type=\"widget\" data-widget_type=\"heading.default\">\n\t\t\t\t<div class=\"elementor-widget-container\">\n\t\t\t\t\t<h3 class=\"elementor-heading-title elementor-size-default\">CLAIMS<\/h3>\t\t\t\t<\/div>\n\t\t\t\t<\/div>\n\t\t\t\t<div class=\"elementor-element elementor-element-99676fc elementor-widget elementor-widget-text-editor\" data-id=\"99676fc\" data-element_type=\"widget\" data-e-type=\"widget\" data-widget_type=\"text-editor.default\">\n\t\t\t\t<div class=\"elementor-widget-container\">\n\t\t\t\t\t\t\t\t\t<p>Any complaint relating to a service must be addressed to the agency within 24 hours of moving in.<\/p><p>If the hirer waives one or more of the services included in the package, the agency cannot reimburse the hirer or make any compensation.<\/p>\t\t\t\t\t\t\t\t<\/div>\n\t\t\t\t<\/div>\n\t\t\t\t<div class=\"elementor-element elementor-element-b8da6b4 elementor-widget elementor-widget-heading\" data-id=\"b8da6b4\" data-element_type=\"widget\" data-e-type=\"widget\" data-widget_type=\"heading.default\">\n\t\t\t\t<div class=\"elementor-widget-container\">\n\t\t\t\t\t<div class=\"elementor-heading-title elementor-size-default\">Updated on 23\/12\/2024<\/div>\t\t\t\t<\/div>\n\t\t\t\t<\/div>\n\t\t\t\t\t<\/div>\n\t\t\t\t<\/div>\n\t\t\t\t<\/div>","protected":false},"excerpt":{"rendered":"<p>Conditions g\u00e9n\u00e9rales de vente Location de vacances Conditions G\u00e9n\u00e9rales de Location TARIFS ET CONDITIONS DE R\u00c8GLEMENTS Pour \u00eatre valide, la r\u00e9servation doit \u00eatre accompagn\u00e9e : D\u2019un acompte, \u00e9gal \u00e0 30 % du prix de la location. Du contrat de location sign\u00e9. \u00a0 Le solde du prix de la location devra \u00eatre vers\u00e9 30 jours avant [&hellip;]<\/p>\n","protected":false},"author":7,"featured_media":0,"parent":8804,"menu_order":0,"comment_status":"closed","ping_status":"closed","template":"elementor_header_footer","meta":{"_monsterinsights_skip_tracking":false,"_monsterinsights_sitenote_active":false,"_monsterinsights_sitenote_note":"","_monsterinsights_sitenote_category":0,"footnotes":""},"class_list":["post-8781","page","type-page","status-publish","hentry"],"_links":{"self":[{"href":"https:\/\/www.cosyhomeconciergerie.ch\/en\/wp-json\/wp\/v2\/pages\/8781","targetHints":{"allow":["GET"]}}],"collection":[{"href":"https:\/\/www.cosyhomeconciergerie.ch\/en\/wp-json\/wp\/v2\/pages"}],"about":[{"href":"https:\/\/www.cosyhomeconciergerie.ch\/en\/wp-json\/wp\/v2\/types\/page"}],"author":[{"embeddable":true,"href":"https:\/\/www.cosyhomeconciergerie.ch\/en\/wp-json\/wp\/v2\/users\/7"}],"replies":[{"embeddable":true,"href":"https:\/\/www.cosyhomeconciergerie.ch\/en\/wp-json\/wp\/v2\/comments?post=8781"}],"version-history":[{"count":0,"href":"https:\/\/www.cosyhomeconciergerie.ch\/en\/wp-json\/wp\/v2\/pages\/8781\/revisions"}],"up":[{"embeddable":true,"href":"https:\/\/www.cosyhomeconciergerie.ch\/en\/wp-json\/wp\/v2\/pages\/8804"}],"wp:attachment":[{"href":"https:\/\/www.cosyhomeconciergerie.ch\/en\/wp-json\/wp\/v2\/media?parent=8781"}],"curies":[{"name":"wp","href":"https:\/\/api.w.org\/{rel}","templated":true}]}}