{"id":8781,"date":"2024-06-22T20:15:44","date_gmt":"2024-06-22T18:15:44","guid":{"rendered":"https:\/\/www.cosyhomeconciergerie.ch\/?page_id=8781"},"modified":"2024-12-23T13:25:49","modified_gmt":"2024-12-23T12:25:49","slug":"vermietung","status":"publish","type":"page","link":"https:\/\/www.cosyhomeconciergerie.ch\/de\/cgv\/location\/","title":{"rendered":"Allgemeine Gesch\u00e4ftsbedingungen - Verleih"},"content":{"rendered":"<div data-elementor-type=\"wp-page\" data-elementor-id=\"8781\" class=\"elementor elementor-8781\" data-elementor-post-type=\"page\">\n\t\t\t\t<div class=\"elementor-element elementor-element-ce22122 e-flex e-con-boxed e-con e-parent\" data-id=\"ce22122\" data-element_type=\"container\" data-e-type=\"container\" data-settings=\"{&quot;background_background&quot;:&quot;classic&quot;}\">\n\t\t\t\t\t<div class=\"e-con-inner\">\n\t\t<div class=\"elementor-element elementor-element-b1fd2e0 animated-slow e-flex e-con-boxed elementor-invisible e-con e-child\" data-id=\"b1fd2e0\" data-element_type=\"container\" data-e-type=\"container\" data-settings=\"{&quot;animation&quot;:&quot;fadeInUp&quot;,&quot;animation_delay&quot;:200}\">\n\t\t\t\t\t<div class=\"e-con-inner\">\n\t\t\t\t<div class=\"elementor-element elementor-element-655b9e3 elementor-widget elementor-widget-heading\" data-id=\"655b9e3\" data-element_type=\"widget\" data-e-type=\"widget\" data-widget_type=\"heading.default\">\n\t\t\t\t<div class=\"elementor-widget-container\">\n\t\t\t\t\t<h1 class=\"elementor-heading-title elementor-size-default\">Allgemeine Gesch\u00e4ftsbedingungen<\/h1>\t\t\t\t<\/div>\n\t\t\t\t<\/div>\n\t\t\t\t<div class=\"elementor-element elementor-element-d24479b elementor-widget elementor-widget-heading\" data-id=\"d24479b\" data-element_type=\"widget\" data-e-type=\"widget\" data-widget_type=\"heading.default\">\n\t\t\t\t<div class=\"elementor-widget-container\">\n\t\t\t\t\t<h1 class=\"elementor-heading-title elementor-size-default\">Ferienwohnung<\/h1>\t\t\t\t<\/div>\n\t\t\t\t<\/div>\n\t\t\t\t\t<\/div>\n\t\t\t\t<\/div>\n\t\t\t\t\t<\/div>\n\t\t\t\t<\/div>\n\t\t<div class=\"elementor-element elementor-element-0a7f516 e-flex e-con-boxed e-con e-parent\" data-id=\"0a7f516\" data-element_type=\"container\" data-e-type=\"container\">\n\t\t\t\t\t<div class=\"e-con-inner\">\n\t\t\t\t<div class=\"elementor-element elementor-element-4f723a9 elementor-widget elementor-widget-heading\" data-id=\"4f723a9\" data-element_type=\"widget\" data-e-type=\"widget\" data-widget_type=\"heading.default\">\n\t\t\t\t<div class=\"elementor-widget-container\">\n\t\t\t\t\t<h2 class=\"elementor-heading-title elementor-size-default\">Allgemeine Mietbedingungen<\/h2>\t\t\t\t<\/div>\n\t\t\t\t<\/div>\n\t\t\t\t<div class=\"elementor-element elementor-element-eff8668 elementor-widget elementor-widget-heading\" data-id=\"eff8668\" data-element_type=\"widget\" data-e-type=\"widget\" data-widget_type=\"heading.default\">\n\t\t\t\t<div class=\"elementor-widget-container\">\n\t\t\t\t\t<h3 class=\"elementor-heading-title elementor-size-default\">TARIFE UND ZAHLUNGSBEDINGUNGEN<\/h3>\t\t\t\t<\/div>\n\t\t\t\t<\/div>\n\t\t\t\t<div class=\"elementor-element elementor-element-8f7696b elementor-widget elementor-widget-text-editor\" data-id=\"8f7696b\" data-element_type=\"widget\" data-e-type=\"widget\" data-widget_type=\"text-editor.default\">\n\t\t\t\t<div class=\"elementor-widget-container\">\n\t\t\t\t\t\t\t\t\t<p>Um g\u00fcltig zu sein, muss der Buchung Folgendes beigef\u00fcgt werden:<\/p><ul><li>Eine Anzahlung in H\u00f6he von 30 % des Mietpreises.<\/li><li>des unterschriebenen Mietvertrags.<\/li><\/ul><div>\u00a0<\/div><p>Der Restbetrag des Mietpreises muss 30 Tage vor Beginn des Aufenthalts bezahlt werden.<\/p><p>Wenn der Restbetrag nicht 30 Tage vor dem Ankunftsdatum des Mieters beglichen wurde, beh\u00e4lt sich die Agentur das Recht vor, den Aufenthalt zu stornieren. In diesem Fall gelten die Standard-Stornierungsbedingungen.<\/p><p>Bei Buchungen, die weniger als 30 Tage vor Beginn des Aufenthalts get\u00e4tigt werden, ist die vollst\u00e4ndige Zahlung zum Zeitpunkt der Buchung erforderlich.\u00a0<\/p><p>Alle unsere Preise sind in Schweizer Franken angegeben und enthalten alle Steuern, Bearbeitungsgeb\u00fchren, Miete und Mietnebenkosten.\u00a0<\/p><p>Die Unterk\u00fcnfte werden m\u00f6bliert als Kurzzeitmiete vermietet. Die Belegungsdaten und -zeiten m\u00fcssen wie bei der Buchung angegeben eingehalten werden.<\/p><p>Die Schl\u00fcssel\u00fcbergabe erfolgt erst nach Zahlung der Kaution (H\u00f6he je nach Wohnungstyp), der Bezahlung der gebuchten Nebenleistungen (Option) und der Kurtaxe.<\/p><p><u>Der Mietpreis beinhaltet nicht :<\/u><\/p><ul><li>Die Kurtaxe (Tarif pro Tag und pro Person je nach Ort)<\/li><li>Alle Nebenleistungen: Flughafentransfers, Skiausr\u00fcstung, Skip\u00e4sse und andere.<\/li><li>Eventuelle Bankgeb\u00fchren gehen zu Lasten des Kunden. Die Zahlungen sollten, wenn m\u00f6glich, per Bank\u00fcberweisung erfolgen. Wenn der Kunde jedoch per Kreditkarte zahlen m\u00f6chte, sind die folgenden Bedingungen zu beachten <em>Servicegeb\u00fchr f\u00fcr Kartenzahlung<\/em> \u00e4quivalent zu <strong>3 % des Gesamtbetrages der Rechnung<\/strong> erhoben werden. Diese Geb\u00fchren werden vor Abschluss der Zahlung deutlich angegeben und erscheinen separat auf der Rechnung.<\/li><\/ul>\t\t\t\t\t\t\t\t<\/div>\n\t\t\t\t<\/div>\n\t\t\t\t<div class=\"elementor-element elementor-element-53fdced elementor-widget elementor-widget-heading\" data-id=\"53fdced\" data-element_type=\"widget\" data-e-type=\"widget\" data-widget_type=\"heading.default\">\n\t\t\t\t<div class=\"elementor-widget-container\">\n\t\t\t\t\t<h3 class=\"elementor-heading-title elementor-size-default\">ANNULLIERUNG<\/h3>\t\t\t\t<\/div>\n\t\t\t\t<\/div>\n\t\t\t\t<div class=\"elementor-element elementor-element-50dce5f elementor-widget elementor-widget-text-editor\" data-id=\"50dce5f\" data-element_type=\"widget\" data-e-type=\"widget\" data-widget_type=\"text-editor.default\">\n\t\t\t\t<div class=\"elementor-widget-container\">\n\t\t\t\t\t\t\t\t\t<p>Stornierungen m\u00fcssen schriftlich erfolgen und sind ab dem Datum des Eingangs bei der Agentur wirksam. Nur Post und E-Mail werden ber\u00fccksichtigt.\u00a0<span style=\"letter-spacing: 0px;\">F\u00fcr Samstage, Sonntage und andere Feiertage ist der n\u00e4chste Arbeitstag ma\u00dfgeblich.<\/span><\/p><p><span style=\"letter-spacing: 0px;\">Im Falle einer Stornierung durch den Mieter gelten die folgenden Bedingungen:<\/span><\/p><ul><li>Ab dem Buchungsdatum bis 30 Tage vor der Ankunft: Die Anzahlung wird dem Mieter nicht zur\u00fcckerstattet.<\/li><li>Ab 30 Tage vor dem Ankunftsdatum oder bei Nichterscheinen zu Beginn des Aufenthalts: 100% des Aufenthalts werden dem Mieter in Rechnung gestellt.<\/li><\/ul><p>\u00a0<\/p><p>Bei jeder begr\u00fcndeten Stornierung und im Falle einer Neuvermietung des Objekts durch uns kann der gezahlte Betrag dem Mieter, der seinen Vertrag nicht erf\u00fcllen kann, zur\u00fcckerstattet werden. Ein vom Mieter verk\u00fcrzter oder abgebrochener Aufenthalt berechtigt nicht zu einer R\u00fcckerstattung.<\/p><p>Wenn die Agentur aufgrund von Handlungen Dritter oder \u00e4u\u00dferen Umst\u00e4nden gezwungen ist, den Aufenthalt in der geplanten Unterkunft zu stornieren, wird sie, wenn m\u00f6glich, eine Unterkunft der gleichen Kategorie ohne zus\u00e4tzliche Kosten bereitstellen. Andernfalls verpflichtet sie sich zur sofortigen R\u00fcckerstattung des gesamten gezahlten Betrags.<\/p>\t\t\t\t\t\t\t\t<\/div>\n\t\t\t\t<\/div>\n\t\t\t\t<div class=\"elementor-element elementor-element-5fa53d2 elementor-widget elementor-widget-heading\" data-id=\"5fa53d2\" data-element_type=\"widget\" data-e-type=\"widget\" data-widget_type=\"heading.default\">\n\t\t\t\t<div class=\"elementor-widget-container\">\n\t\t\t\t\t<h3 class=\"elementor-heading-title elementor-size-default\">VERSICHERUNG<\/h3>\t\t\t\t<\/div>\n\t\t\t\t<\/div>\n\t\t\t\t<div class=\"elementor-element elementor-element-c48089c elementor-widget elementor-widget-text-editor\" data-id=\"c48089c\" data-element_type=\"widget\" data-e-type=\"widget\" data-widget_type=\"text-editor.default\">\n\t\t\t\t<div class=\"elementor-widget-container\">\n\t\t\t\t\t\t\t\t\t<p>Die Mieterinnen und Mieter sind w\u00e4hrend ihres Aufenthalts f\u00fcr ihre pers\u00f6nlichen Gegenst\u00e4nde voll verantwortlich.<\/p><p>F\u00fcr Sch\u00e4den an der Wohnung ist der Mieter verantwortlich und muss daher eine entsprechende Versicherung abschlie\u00dfen. Diese Versicherung muss Diebstahl, Feuer, Glas- und Wassersch\u00e4den sowie alle mit der Nutzung der Immobilie verbundenen Risiken, einschlie\u00dflich m\u00f6glicher Sch\u00e4den an Nachbarn, abdecken. Es ist notwendig, dass der Mieter auf Verlangen des Eigent\u00fcmers oder seines Vertreters einen Nachweis \u00fcber diese Versicherung erbringen kann. So entziehen sich der Eigent\u00fcmer und sein Vertreter jeglicher Verantwortung f\u00fcr die Anspr\u00fcche, die ihre Versicherung im Schadensfall gegen den Mieter geltend machen k\u00f6nnte.<\/p>\t\t\t\t\t\t\t\t<\/div>\n\t\t\t\t<\/div>\n\t\t\t\t<div class=\"elementor-element elementor-element-0f531f9 elementor-widget elementor-widget-heading\" data-id=\"0f531f9\" data-element_type=\"widget\" data-e-type=\"widget\" data-widget_type=\"heading.default\">\n\t\t\t\t<div class=\"elementor-widget-container\">\n\t\t\t\t\t<h3 class=\"elementor-heading-title elementor-size-default\">KAUTION<\/h3>\t\t\t\t<\/div>\n\t\t\t\t<\/div>\n\t\t\t\t<div class=\"elementor-element elementor-element-554cd2b elementor-widget elementor-widget-text-editor\" data-id=\"554cd2b\" data-element_type=\"widget\" data-e-type=\"widget\" data-widget_type=\"text-editor.default\">\n\t\t\t\t<div class=\"elementor-widget-container\">\n\t\t\t\t\t\t\t\t\t<p>Bei der \u00dcbergabe der Schl\u00fcssel f\u00fcr das gemietete Geb\u00e4ude muss eine Kaution hinterlegt werden, um eventuelle Sch\u00e4den an beweglichen G\u00fctern und anderen Gegenst\u00e4nden abzudecken. Diese Kaution kann entweder per Kreditkarte oder per Bank\u00fcberweisung gem\u00e4\u00df den im Vertrag angegebenen Bedingungen gezahlt werden.<\/p><p>Die zur Verf\u00fcgung gestellten Gegenst\u00e4nde und M\u00f6bel d\u00fcrfen nur dem normalen Verschlei\u00df unterliegen, der ihrer bestimmungsgem\u00e4\u00dfen Verwendung entspricht. Nach der Abreise des Mieters wird das \u00dcbergabeprotokoll von der Agentur erstellt. Basierend auf dieser Bestandsaufnahme wird die Kaution innerhalb von zwei Wochen zur\u00fcckerstattet, es sei denn, es wurden Sch\u00e4den festgestellt. Falls Reparatur- oder Ersatzkosten anfallen, die \u00fcber den Wert der Kaution hinausgehen, muss der Mieter den geforderten Restbetrag sofort bezahlen.<\/p>\t\t\t\t\t\t\t\t<\/div>\n\t\t\t\t<\/div>\n\t\t\t\t<div class=\"elementor-element elementor-element-ba693b6 elementor-widget elementor-widget-heading\" data-id=\"ba693b6\" data-element_type=\"widget\" data-e-type=\"widget\" data-widget_type=\"heading.default\">\n\t\t\t\t<div class=\"elementor-widget-container\">\n\t\t\t\t\t<h3 class=\"elementor-heading-title elementor-size-default\">HAUSMEISTERDIENSTE<\/h3>\t\t\t\t<\/div>\n\t\t\t\t<\/div>\n\t\t\t\t<div class=\"elementor-element elementor-element-15d70b9 elementor-widget elementor-widget-text-editor\" data-id=\"15d70b9\" data-element_type=\"widget\" data-e-type=\"widget\" data-widget_type=\"text-editor.default\">\n\t\t\t\t<div class=\"elementor-widget-container\">\n\t\t\t\t\t\t\t\t\t<p>F\u00fcr unsere Hausmeisterdienste (Taxitransfers, Reinigung usw.) kann ein Aufschlag von bis zu 20 % (auf den Preis ohne MwSt.) erhoben werden.<\/p><p><em>* Am 1. Januar 2024 betr\u00e4gt der sogenannte normale Mehrwertsteuersatz 8,1 %.<\/em><\/p>\t\t\t\t\t\t\t\t<\/div>\n\t\t\t\t<\/div>\n\t\t\t\t<div class=\"elementor-element elementor-element-651c250 elementor-widget elementor-widget-heading\" data-id=\"651c250\" data-element_type=\"widget\" data-e-type=\"widget\" data-widget_type=\"heading.default\">\n\t\t\t\t<div class=\"elementor-widget-container\">\n\t\t\t\t\t<h3 class=\"elementor-heading-title elementor-size-default\">ANKUNFT<\/h3>\t\t\t\t<\/div>\n\t\t\t\t<\/div>\n\t\t\t\t<div class=\"elementor-element elementor-element-cbabc87 elementor-widget elementor-widget-text-editor\" data-id=\"cbabc87\" data-element_type=\"widget\" data-e-type=\"widget\" data-widget_type=\"text-editor.default\">\n\t\t\t\t<div class=\"elementor-widget-container\">\n\t\t\t\t\t\t\t\t\t<p>Sofern nicht anders \u00fcbermittelt, muss sich jeder Mieter bei seiner Ankunft in der Agentur melden und wird dann zum gemieteten Geb\u00e4ude geleitet.<\/p><ul><li>Die Vermietungen beginnen ab 17.00 Uhr.<\/li><li>Die Ank\u00fcnfte sind autonom per Schl\u00fcsselkasten.<\/li><li>Wenn die Ankunft mit einem privaten Empfang stattfindet, muss jede sp\u00e4te Ankunft, d. h. nach 19.00 Uhr, der Agentur vor 12.00 Uhr mitgeteilt werden. Die Agentur kann keine Anreise nach Mitternacht organisieren. Es k\u00f6nnen zus\u00e4tzliche Geb\u00fchren anfallen.<\/li><\/ul>\t\t\t\t\t\t\t\t<\/div>\n\t\t\t\t<\/div>\n\t\t\t\t<div class=\"elementor-element elementor-element-3ebb127 elementor-widget elementor-widget-heading\" data-id=\"3ebb127\" data-element_type=\"widget\" data-e-type=\"widget\" data-widget_type=\"heading.default\">\n\t\t\t\t<div class=\"elementor-widget-container\">\n\t\t\t\t\t<h3 class=\"elementor-heading-title elementor-size-default\">START<\/h3>\t\t\t\t<\/div>\n\t\t\t\t<\/div>\n\t\t\t\t<div class=\"elementor-element elementor-element-290e832 elementor-widget elementor-widget-text-editor\" data-id=\"290e832\" data-element_type=\"widget\" data-e-type=\"widget\" data-widget_type=\"text-editor.default\">\n\t\t\t\t<div class=\"elementor-widget-container\">\n\t\t\t\t\t\t\t\t\t<ul><li>Am Tag der Abreise muss die Unterkunft unbedingt bis 11:00 Uhr mit der Schl\u00fcssel\u00fcbergabe verlassen werden.<\/li><li>Jede versp\u00e4tete Abreise, die nicht von der Agentur best\u00e4tigt wurde, wird je nach Mietobjekt (Wohnung oder Chalet) mit einer Geb\u00fchr zwischen 100 CHF\/Stunde und 1'000 CHF\/Stunde berechnet.<\/li><li>Die Gesamtrechnung am Ende des Aufenthalts muss sp\u00e4testens am Tag vor der Abreise des Mieters (d. h. am Freitag) beglichen werden.<\/li><li>Alle nicht zur\u00fcckgegebenen Schl\u00fcssel, Fernbedienungen oder Piepser werden zum Kaufpreis berechnet.<\/li><\/ul>\t\t\t\t\t\t\t\t<\/div>\n\t\t\t\t<\/div>\n\t\t\t\t<div class=\"elementor-element elementor-element-1c5f061 elementor-widget elementor-widget-heading\" data-id=\"1c5f061\" data-element_type=\"widget\" data-e-type=\"widget\" data-widget_type=\"heading.default\">\n\t\t\t\t<div class=\"elementor-widget-container\">\n\t\t\t\t\t<h3 class=\"elementor-heading-title elementor-size-default\">AUFENTHALTSDAUER<\/h3>\t\t\t\t<\/div>\n\t\t\t\t<\/div>\n\t\t\t\t<div class=\"elementor-element elementor-element-e636fba elementor-widget elementor-widget-text-editor\" data-id=\"e636fba\" data-element_type=\"widget\" data-e-type=\"widget\" data-widget_type=\"text-editor.default\">\n\t\t\t\t<div class=\"elementor-widget-container\">\n\t\t\t\t\t\t\t\t\t<p>Die Dauer des Aufenthalts wird in den besonderen Bedingungen des vorliegenden Vertrags angegeben. Der Mieter darf nach Ablauf dieser Dauer auf keinen Fall in den R\u00e4umlichkeiten verbleiben, es sei denn, die Agentur hat vorher zugestimmt, gegen einen Aufpreis, der anteilig zum Preis des Aufenthalts festgelegt wird.<\/p><p>Der Mieter erkl\u00e4rt ehrenw\u00f6rtlich, dass er keinen Beruf in der Vermietung aus\u00fcbt und dies auch nicht anstrebt und dass ihm die R\u00e4umlichkeiten, die Gegenstand des vorliegenden Vertrags sind, nur als vor\u00fcbergehender Wohnsitz vermietet werden, da dies die wesentlichen Bedingungen sind, ohne die der vorliegende Mietvertrag nicht gew\u00e4hrt worden w\u00e4re.<\/p>\t\t\t\t\t\t\t\t<\/div>\n\t\t\t\t<\/div>\n\t\t\t\t<div class=\"elementor-element elementor-element-c82716b elementor-widget elementor-widget-heading\" data-id=\"c82716b\" data-element_type=\"widget\" data-e-type=\"widget\" data-widget_type=\"heading.default\">\n\t\t\t\t<div class=\"elementor-widget-container\">\n\t\t\t\t\t<h3 class=\"elementor-heading-title elementor-size-default\">STATUS DER LAGE<\/h3>\t\t\t\t<\/div>\n\t\t\t\t<\/div>\n\t\t\t\t<div class=\"elementor-element elementor-element-64f3e54 elementor-widget elementor-widget-text-editor\" data-id=\"64f3e54\" data-element_type=\"widget\" data-e-type=\"widget\" data-widget_type=\"text-editor.default\">\n\t\t\t\t<div class=\"elementor-widget-container\">\n\t\t\t\t\t\t\t\t\tDie Inventarliste und die Bestandsaufnahme bei Ein- und Auszug werden einseitig von der Agentur vor der Ankunft und nach der Abreise des Mieters durchgef\u00fchrt. Da die Bestandsaufnahme nicht im Rahmen eines kontradiktorischen Verfahrens durchgef\u00fchrt wird, hat der Mieter 12 Stunden Zeit, um Beanstandungen vorzubringen. Nach Ablauf dieser Frist wird davon ausgegangen, dass die Mietsache zum Zeitpunkt des Eintreffens des Mieters keine Sch\u00e4den aufweist und in dem Zustand akzeptiert wird, in dem sie sich befindet. \t\t\t\t\t\t\t\t<\/div>\n\t\t\t\t<\/div>\n\t\t\t\t<div class=\"elementor-element elementor-element-d0b4beb elementor-widget elementor-widget-heading\" data-id=\"d0b4beb\" data-element_type=\"widget\" data-e-type=\"widget\" data-widget_type=\"heading.default\">\n\t\t\t\t<div class=\"elementor-widget-container\">\n\t\t\t\t\t<h3 class=\"elementor-heading-title elementor-size-default\">MIETERPFLICHTEN<\/h3>\t\t\t\t<\/div>\n\t\t\t\t<\/div>\n\t\t\t\t<div class=\"elementor-element elementor-element-6863312 elementor-widget elementor-widget-text-editor\" data-id=\"6863312\" data-element_type=\"widget\" data-e-type=\"widget\" data-widget_type=\"text-editor.default\">\n\t\t\t\t<div class=\"elementor-widget-container\">\n\t\t\t\t\t\t\t\t\t<p>- Das gemietete Geb\u00e4ude, das sich in Privatbesitz befindet, b\u00fcrgerlich bewohnen. Der Mieter verpflichtet sich, das Geb\u00e4ude nur vor\u00fcbergehend zu nutzen. Das Geb\u00e4ude wird auf keinen Fall sein Haupt- oder Zweitwohnsitz sein und der Mieter wird dort keine beruflichen, handwerklichen oder kommerziellen T\u00e4tigkeiten aus\u00fcben.<br \/>- Der Mieter verpflichtet sich, die gemieteten R\u00e4umlichkeiten in dem Zustand zu \u00fcbernehmen, in dem sie sich bei Antritt des Mietverh\u00e4ltnisses befinden, wie sie in der Beschreibung des vorliegenden Vertrags beschrieben sind.<br \/>- Das Chalet oder die Wohnung so bewohnen, dass nichts getan wird, was die Nachbarschaft sch\u00e4digen k\u00f6nnte, insbesondere durch Vermeidung von L\u00e4rm oder anderen Bel\u00e4stigungen.<br \/>- Halten Sie die R\u00e4umlichkeiten w\u00e4hrend Ihres Aufenthalts in gutem Zustand.<br \/>- Bringen Sie keine Tiere mit, es sei denn, die Agentur holt vorher die Zustimmung des Eigent\u00fcmers ein und verlangt daf\u00fcr einen Aufpreis.<br \/>- Informieren Sie die Agentur \u00fcber kleine Wartungsarbeiten, die er\/sie m\u00f6glicherweise festgestellt hat.<br \/>- Lassen Sie Arbeiten, die dringend durchgef\u00fchrt werden m\u00fcssen, unabh\u00e4ngig davon, um welche es sich handelt, ausf\u00fchren. Wenn die Arbeiten auf eine Besch\u00e4digung zur\u00fcckzuf\u00fchren sind, die der Mieter zu verantworten hat, werden sie dem Mieter erneut in Rechnung gestellt.<br \/>- Im Falle der Vermietung in einem Geb\u00e4ude halten sich die Mieter als Bewohner der R\u00e4umlichkeiten an die Hausordnung des Geb\u00e4udes, von der sie best\u00e4tigen, sie zur Kenntnis genommen zu haben.<\/p>\t\t\t\t\t\t\t\t<\/div>\n\t\t\t\t<\/div>\n\t\t\t\t<div class=\"elementor-element elementor-element-6d8263f elementor-widget elementor-widget-heading\" data-id=\"6d8263f\" data-element_type=\"widget\" data-e-type=\"widget\" data-widget_type=\"heading.default\">\n\t\t\t\t<div class=\"elementor-widget-container\">\n\t\t\t\t\t<h3 class=\"elementor-heading-title elementor-size-default\">VERPFLICHTUNGEN DER AGENTUR<\/h3>\t\t\t\t<\/div>\n\t\t\t\t<\/div>\n\t\t\t\t<div class=\"elementor-element elementor-element-4d72f8d elementor-widget elementor-widget-text-editor\" data-id=\"4d72f8d\" data-element_type=\"widget\" data-e-type=\"widget\" data-widget_type=\"text-editor.default\">\n\t\t\t\t<div class=\"elementor-widget-container\">\n\t\t\t\t\t\t\t\t\t<p>- Die Agentur verpflichtet sich, die Immobilie und ihr Zubeh\u00f6r so zu liefern, wie sie in der bei der Buchung erhaltenen Beschreibung beschrieben sind, und die aus dem vorliegenden Vertrag resultierenden Verpflichtungen zu erf\u00fcllen.<br \/>- Die Agentur ist nicht verantwortlich f\u00fcr die Unregelm\u00e4\u00dfigkeit der Wasser-, Heizungs- und Beleuchtungsdienste, die \u00d6ffnung von schneebedeckten Stra\u00dfen und lehnt generell jede Haftung f\u00fcr Nutzungsm\u00e4ngel ab, die nicht auf ihr Verschulden zur\u00fcckzuf\u00fchren sind.<\/p>\t\t\t\t\t\t\t\t<\/div>\n\t\t\t\t<\/div>\n\t\t\t\t<div class=\"elementor-element elementor-element-a2e8600 elementor-widget elementor-widget-heading\" data-id=\"a2e8600\" data-element_type=\"widget\" data-e-type=\"widget\" data-widget_type=\"heading.default\">\n\t\t\t\t<div class=\"elementor-widget-container\">\n\t\t\t\t\t<h3 class=\"elementor-heading-title elementor-size-default\">REKLAMATIONEN<\/h3>\t\t\t\t<\/div>\n\t\t\t\t<\/div>\n\t\t\t\t<div class=\"elementor-element elementor-element-99676fc elementor-widget elementor-widget-text-editor\" data-id=\"99676fc\" data-element_type=\"widget\" data-e-type=\"widget\" data-widget_type=\"text-editor.default\">\n\t\t\t\t<div class=\"elementor-widget-container\">\n\t\t\t\t\t\t\t\t\t<p>Jede Beschwerde \u00fcber eine Leistung muss innerhalb von 24 Stunden nach dem Einzug in die Unterkunft an die Agentur gerichtet werden.<\/p><p>Verzichtet der Mieter auf eine oder mehrere Leistungen, die in der Pauschale enthalten sind, kann die Agentur keine R\u00fcckerstattung oder Gegenleistung verlangen.<\/p>\t\t\t\t\t\t\t\t<\/div>\n\t\t\t\t<\/div>\n\t\t\t\t<div class=\"elementor-element elementor-element-b8da6b4 elementor-widget elementor-widget-heading\" data-id=\"b8da6b4\" data-element_type=\"widget\" data-e-type=\"widget\" data-widget_type=\"heading.default\">\n\t\t\t\t<div class=\"elementor-widget-container\">\n\t\t\t\t\t<div class=\"elementor-heading-title elementor-size-default\">Aktualisiert am 23.12.2024<\/div>\t\t\t\t<\/div>\n\t\t\t\t<\/div>\n\t\t\t\t\t<\/div>\n\t\t\t\t<\/div>\n\t\t\t\t<\/div>","protected":false},"excerpt":{"rendered":"<p>Conditions g\u00e9n\u00e9rales de vente Location de vacances Conditions G\u00e9n\u00e9rales de Location TARIFS ET CONDITIONS DE R\u00c8GLEMENTS Pour \u00eatre valide, la r\u00e9servation doit \u00eatre accompagn\u00e9e : D\u2019un acompte, \u00e9gal \u00e0 30 % du prix de la location. Du contrat de location sign\u00e9. \u00a0 Le solde du prix de la location devra \u00eatre vers\u00e9 30 jours avant [&hellip;]<\/p>\n","protected":false},"author":7,"featured_media":0,"parent":8804,"menu_order":0,"comment_status":"closed","ping_status":"closed","template":"elementor_header_footer","meta":{"_monsterinsights_skip_tracking":false,"_monsterinsights_sitenote_active":false,"_monsterinsights_sitenote_note":"","_monsterinsights_sitenote_category":0,"footnotes":""},"class_list":["post-8781","page","type-page","status-publish","hentry"],"_links":{"self":[{"href":"https:\/\/www.cosyhomeconciergerie.ch\/de\/wp-json\/wp\/v2\/pages\/8781","targetHints":{"allow":["GET"]}}],"collection":[{"href":"https:\/\/www.cosyhomeconciergerie.ch\/de\/wp-json\/wp\/v2\/pages"}],"about":[{"href":"https:\/\/www.cosyhomeconciergerie.ch\/de\/wp-json\/wp\/v2\/types\/page"}],"author":[{"embeddable":true,"href":"https:\/\/www.cosyhomeconciergerie.ch\/de\/wp-json\/wp\/v2\/users\/7"}],"replies":[{"embeddable":true,"href":"https:\/\/www.cosyhomeconciergerie.ch\/de\/wp-json\/wp\/v2\/comments?post=8781"}],"version-history":[{"count":0,"href":"https:\/\/www.cosyhomeconciergerie.ch\/de\/wp-json\/wp\/v2\/pages\/8781\/revisions"}],"up":[{"embeddable":true,"href":"https:\/\/www.cosyhomeconciergerie.ch\/de\/wp-json\/wp\/v2\/pages\/8804"}],"wp:attachment":[{"href":"https:\/\/www.cosyhomeconciergerie.ch\/de\/wp-json\/wp\/v2\/media?parent=8781"}],"curies":[{"name":"wp","href":"https:\/\/api.w.org\/{rel}","templated":true}]}}