{"id":8770,"date":"2024-06-22T19:05:41","date_gmt":"2024-06-22T17:05:41","guid":{"rendered":"https:\/\/www.cosyhomeconciergerie.ch\/?page_id=8770"},"modified":"2025-05-19T12:57:08","modified_gmt":"2025-05-19T10:57:08","slug":"rechtliche-hinweise","status":"publish","type":"page","link":"https:\/\/www.cosyhomeconciergerie.ch\/de\/mentions-legales\/","title":{"rendered":"Rechtliche Hinweise"},"content":{"rendered":"<div data-elementor-type=\"wp-page\" data-elementor-id=\"8770\" class=\"elementor elementor-8770\" data-elementor-post-type=\"page\">\n\t\t\t\t<div class=\"elementor-element elementor-element-ce22122 e-flex e-con-boxed e-con e-parent\" data-id=\"ce22122\" data-element_type=\"container\" data-e-type=\"container\" data-settings=\"{&quot;background_background&quot;:&quot;classic&quot;}\">\n\t\t\t\t\t<div class=\"e-con-inner\">\n\t\t<div class=\"elementor-element elementor-element-b1fd2e0 animated-slow e-flex e-con-boxed elementor-invisible e-con e-child\" data-id=\"b1fd2e0\" data-element_type=\"container\" data-e-type=\"container\" data-settings=\"{&quot;animation&quot;:&quot;fadeInUp&quot;,&quot;animation_delay&quot;:200}\">\n\t\t\t\t\t<div class=\"e-con-inner\">\n\t\t\t\t<div class=\"elementor-element elementor-element-655b9e3 elementor-widget elementor-widget-heading\" data-id=\"655b9e3\" data-element_type=\"widget\" data-e-type=\"widget\" data-widget_type=\"heading.default\">\n\t\t\t\t<div class=\"elementor-widget-container\">\n\t\t\t\t\t<h1 class=\"elementor-heading-title elementor-size-default\">Rechtliche Hinweise<\/h1>\t\t\t\t<\/div>\n\t\t\t\t<\/div>\n\t\t\t\t\t<\/div>\n\t\t\t\t<\/div>\n\t\t\t\t\t<\/div>\n\t\t\t\t<\/div>\n\t\t<div class=\"elementor-element elementor-element-0a7f516 e-flex e-con-boxed e-con e-parent\" data-id=\"0a7f516\" data-element_type=\"container\" data-e-type=\"container\">\n\t\t\t\t\t<div class=\"e-con-inner\">\n\t\t\t\t<div class=\"elementor-element elementor-element-4f723a9 elementor-widget elementor-widget-heading\" data-id=\"4f723a9\" data-element_type=\"widget\" data-e-type=\"widget\" data-widget_type=\"heading.default\">\n\t\t\t\t<div class=\"elementor-widget-container\">\n\t\t\t\t\t<h3 class=\"elementor-heading-title elementor-size-default\">Unternehmen, das die Seite betreibt<\/h3>\t\t\t\t<\/div>\n\t\t\t\t<\/div>\n\t\t\t\t<div class=\"elementor-element elementor-element-e950080 elementor-widget elementor-widget-text-editor\" data-id=\"e950080\" data-element_type=\"widget\" data-e-type=\"widget\" data-widget_type=\"text-editor.default\">\n\t\t\t\t<div class=\"elementor-widget-container\">\n\t\t\t\t\t\t\t\t\t<p>CosyHome Concierge S\u00e0rl<br \/>Rue des Grandchamps 4<br \/>1971 Grimisuat<br \/>Schweiz<\/p><p>IDE: CHE-231.370.385<br \/><br \/><br \/><b>KONTAKT :<br \/><\/b><a href=\"mailto:info@cosyhomeconciergerie.ch\">info@cosyhomeconciergerie.ch<\/a><br \/><a href=\"tel:+41273223732\">+41 (0) 27 322 37 32<\/a><\/p>\t\t\t\t\t\t\t\t<\/div>\n\t\t\t\t<\/div>\n\t\t\t\t<div class=\"elementor-element elementor-element-eff8668 elementor-widget elementor-widget-heading\" data-id=\"eff8668\" data-element_type=\"widget\" data-e-type=\"widget\" data-widget_type=\"heading.default\">\n\t\t\t\t<div class=\"elementor-widget-container\">\n\t\t\t\t\t<h3 class=\"elementor-heading-title elementor-size-default\">Fotografien &amp; Video<\/h3>\t\t\t\t<\/div>\n\t\t\t\t<\/div>\n\t\t\t\t<div class=\"elementor-element elementor-element-f25f0ee elementor-widget elementor-widget-text-editor\" data-id=\"f25f0ee\" data-element_type=\"widget\" data-e-type=\"widget\" data-widget_type=\"text-editor.default\">\n\t\t\t\t<div class=\"elementor-widget-container\">\n\t\t\t\t\t\t\t\t\t<p><span style=\"color: #000000;\"><strong>Touristenb\u00fcro :<\/strong> <a style=\"color: #000000;\" href=\"https:\/\/www.crans-montana.ch\/\" target=\"_blank\" rel=\"noopener noreferrer nofollow\">Crans-Montana Tourismus &amp; Kongress<\/a>, <a style=\"color: #000000;\" href=\"https:\/\/www.verbier.ch\/\" target=\"_blank\" rel=\"noopener noreferrer nofollow\">Verbier Tourisme S.A.<\/a>, <a style=\"color: #000000;\" href=\"https:\/\/www.nendaz.ch\/fr\/\" target=\"_blank\" rel=\"noopener noreferrer nofollow\">Nendaz<\/a>\u00a0<\/span><\/p>\t\t\t\t\t\t\t\t<\/div>\n\t\t\t\t<\/div>\n\t\t\t\t<div class=\"elementor-element elementor-element-cae944c elementor-widget elementor-widget-heading\" data-id=\"cae944c\" data-element_type=\"widget\" data-e-type=\"widget\" data-widget_type=\"heading.default\">\n\t\t\t\t<div class=\"elementor-widget-container\">\n\t\t\t\t\t<h3 class=\"elementor-heading-title elementor-size-default\">Hosting, Design und Webentwicklung<\/h3>\t\t\t\t<\/div>\n\t\t\t\t<\/div>\n\t\t\t\t<div class=\"elementor-element elementor-element-8f7696b elementor-widget elementor-widget-text-editor\" data-id=\"8f7696b\" data-element_type=\"widget\" data-e-type=\"widget\" data-widget_type=\"text-editor.default\">\n\t\t\t\t<div class=\"elementor-widget-container\">\n\t\t\t\t\t\t\t\t\t<p>ADigital - Sion (VS)<\/p><p><a style=\"font-weight: normal;\" href=\"http:\/\/www.a-digital.ch\" target=\"_blank\" rel=\"noopener noreferrer nofollow\">www.a-digital.ch<\/a><\/p><p>INFOMANIAK\u00a0<\/p>\t\t\t\t\t\t\t\t<\/div>\n\t\t\t\t<\/div>\n\t\t\t\t<div class=\"elementor-element elementor-element-d620796 elementor-widget elementor-widget-heading\" data-id=\"d620796\" data-element_type=\"widget\" data-e-type=\"widget\" data-widget_type=\"heading.default\">\n\t\t\t\t<div class=\"elementor-widget-container\">\n\t\t\t\t\t<h3 class=\"elementor-heading-title elementor-size-default\">Urheberrechte<\/h3>\t\t\t\t<\/div>\n\t\t\t\t<\/div>\n\t\t\t\t<div class=\"elementor-element elementor-element-4443509 elementor-widget elementor-widget-text-editor\" data-id=\"4443509\" data-element_type=\"widget\" data-e-type=\"widget\" data-widget_type=\"text-editor.default\">\n\t\t\t\t<div class=\"elementor-widget-container\">\n\t\t\t\t\t\t\t\t\t<p>Die Inhalte der Website sind durch die Rechte des geistigen Eigentums gesch\u00fctzt und sind das ausschlie\u00dfliche Eigentum von CosyHome. Sie d\u00fcrfen nur mit ihrer vorherigen Genehmigung verwertet werden. Dazu geh\u00f6ren, sind aber nicht beschr\u00e4nkt auf, Beschreibungen der Immobilien, Texte und Artikel, Fotografien und Videos, virtuelle Besichtigungen, Grundrisse, grafische Charta, Marke, Logo und alle auf dieser Website ver\u00f6ffentlichten Unterscheidungsmerkmale sowie das Layout der Website. Jede teilweise oder vollst\u00e4ndige Darstellung dieser Website ohne die ausdr\u00fcckliche Genehmigung von CosyHome ist untersagt.<\/p><p>CosyHome aktualisiert regelm\u00e4\u00dfig den Inhalt dieser Website und unternimmt alle Anstrengungen, um die Richtigkeit der Informationen zu gew\u00e4hrleisten. Allerdings entwickeln sich bestimmte Informationen, insbesondere die Beschreibungen der Waren oder die enthaltenen Dienstleistungen, weiter und es k\u00f6nnen sich Fehler in den ver\u00f6ffentlichten Informationen und\/oder Dokumenten einschleichen. Folglich werden die Nutzer der Website jede n\u00fctzliche \u00dcberpr\u00fcfung vornehmen. CosyHome kann in keinem Fall f\u00fcr direkte oder indirekte Sch\u00e4den haftbar gemacht werden, die sich aus dem Zugang zu dieser Website und\/oder der Nutzung des Inhalts dieser Website ergeben k\u00f6nnen.<\/p>\t\t\t\t\t\t\t\t<\/div>\n\t\t\t\t<\/div>\n\t\t\t\t\t<\/div>\n\t\t\t\t<\/div>\n\t\t\t\t<\/div>","protected":false},"excerpt":{"rendered":"<p>Mentions l\u00e9gales Soci\u00e9t\u00e9 exploitant le site CosyHome Conciergerie S\u00e0rlRue des Grandchamps 41971 GrimisuatSuisse IDE : CHE-231.370.385 CONTACT :info@cosyhomeconciergerie.ch+41 (0) 27 322 37 32 Photographies &#038; vid\u00e9o Office du tourisme : \u00a9 Crans-Montana Tourisme &amp; Congr\u00e8s, \u00a9 Verbier Tourisme S.A, \u00a9 Nendaz\u00a0 H\u00e9bergement, design et d\u00e9veloppement web ADigital &#8211; Sion (VS) www.a-digital.ch INFOMANIAK\u00a0 Droits d&rsquo;auteur Les [&hellip;]<\/p>\n","protected":false},"author":7,"featured_media":0,"parent":0,"menu_order":0,"comment_status":"closed","ping_status":"closed","template":"elementor_header_footer","meta":{"_monsterinsights_skip_tracking":false,"_monsterinsights_sitenote_active":false,"_monsterinsights_sitenote_note":"","_monsterinsights_sitenote_category":0,"footnotes":""},"class_list":["post-8770","page","type-page","status-publish","hentry"],"_links":{"self":[{"href":"https:\/\/www.cosyhomeconciergerie.ch\/de\/wp-json\/wp\/v2\/pages\/8770","targetHints":{"allow":["GET"]}}],"collection":[{"href":"https:\/\/www.cosyhomeconciergerie.ch\/de\/wp-json\/wp\/v2\/pages"}],"about":[{"href":"https:\/\/www.cosyhomeconciergerie.ch\/de\/wp-json\/wp\/v2\/types\/page"}],"author":[{"embeddable":true,"href":"https:\/\/www.cosyhomeconciergerie.ch\/de\/wp-json\/wp\/v2\/users\/7"}],"replies":[{"embeddable":true,"href":"https:\/\/www.cosyhomeconciergerie.ch\/de\/wp-json\/wp\/v2\/comments?post=8770"}],"version-history":[{"count":0,"href":"https:\/\/www.cosyhomeconciergerie.ch\/de\/wp-json\/wp\/v2\/pages\/8770\/revisions"}],"wp:attachment":[{"href":"https:\/\/www.cosyhomeconciergerie.ch\/de\/wp-json\/wp\/v2\/media?parent=8770"}],"curies":[{"name":"wp","href":"https:\/\/api.w.org\/{rel}","templated":true}]}}