{"id":2639,"date":"2022-08-02T17:13:52","date_gmt":"2022-08-02T15:13:52","guid":{"rendered":"https:\/\/www.cosyhomeconciergerie.ch\/?page_id=2639"},"modified":"2025-04-02T14:26:25","modified_gmt":"2025-04-02T12:26:25","slug":"faq","status":"publish","type":"page","link":"https:\/\/www.cosyhomeconciergerie.ch\/de\/faq\/","title":{"rendered":"FAQ"},"content":{"rendered":"<div data-elementor-type=\"wp-page\" data-elementor-id=\"2639\" class=\"elementor elementor-2639\" data-elementor-post-type=\"page\">\n\t\t\t\t<div class=\"elementor-element elementor-element-c6b8cd2 e-flex e-con-boxed e-con e-parent\" data-id=\"c6b8cd2\" data-element_type=\"container\" data-e-type=\"container\" data-settings=\"{&quot;background_background&quot;:&quot;classic&quot;}\">\n\t\t\t\t\t<div class=\"e-con-inner\">\n\t\t\t\t<div class=\"elementor-element elementor-element-502f6de elementor-widget elementor-widget-heading\" data-id=\"502f6de\" data-element_type=\"widget\" data-e-type=\"widget\" data-widget_type=\"heading.default\">\n\t\t\t\t<div class=\"elementor-widget-container\">\n\t\t\t\t\t<h3 class=\"elementor-heading-title elementor-size-default\">Hilfe<\/h3>\t\t\t\t<\/div>\n\t\t\t\t<\/div>\n\t\t\t\t<div class=\"elementor-element elementor-element-b77ee0c animated-slow elementor-invisible elementor-widget elementor-widget-heading\" data-id=\"b77ee0c\" data-element_type=\"widget\" data-e-type=\"widget\" data-settings=\"{&quot;_animation&quot;:&quot;fadeInUp&quot;,&quot;_animation_delay&quot;:200}\" data-widget_type=\"heading.default\">\n\t\t\t\t<div class=\"elementor-widget-container\">\n\t\t\t\t\t<h1 class=\"elementor-heading-title elementor-size-default\">FAQ<\/h1>\t\t\t\t<\/div>\n\t\t\t\t<\/div>\n\t\t\t\t<div class=\"elementor-element elementor-element-a68795a elementor-widget elementor-widget-text-editor\" data-id=\"a68795a\" data-element_type=\"widget\" data-e-type=\"widget\" data-widget_type=\"text-editor.default\">\n\t\t\t\t<div class=\"elementor-widget-container\">\n\t\t\t\t\t\t\t\t\t<p>Haben Sie noch weitere Fragen?\u00a0 <span style=\"color: #c4b9ad;\"><strong><a style=\"color: #c4b9ad;\" href=\"https:\/\/www.cosyhomeconciergerie.ch\/de\/kontakt\/\">Kontaktieren Sie uns<\/a><\/strong><\/span><\/p>\t\t\t\t\t\t\t\t<\/div>\n\t\t\t\t<\/div>\n\t\t\t\t\t<\/div>\n\t\t\t\t<\/div>\n\t\t<div class=\"elementor-element elementor-element-330ad86e e-flex e-con-boxed e-con e-parent\" data-id=\"330ad86e\" data-element_type=\"container\" data-e-type=\"container\" data-settings=\"{&quot;background_background&quot;:&quot;classic&quot;}\">\n\t\t\t\t\t<div class=\"e-con-inner\">\n\t\t<div class=\"elementor-element elementor-element-5bcb24b4 e-con-full e-flex e-con e-child\" data-id=\"5bcb24b4\" data-element_type=\"container\" data-e-type=\"container\">\n\t\t\t\t<div class=\"elementor-element elementor-element-6922c4d2 elementor-widget__width-initial elementor-widget-tablet__width-inherit elementor-widget elementor-widget-toggle\" data-id=\"6922c4d2\" data-element_type=\"widget\" data-e-type=\"widget\" data-widget_type=\"toggle.default\">\n\t\t\t\t<div class=\"elementor-widget-container\">\n\t\t\t\t\t\t\t<div class=\"elementor-toggle\">\n\t\t\t\t\t\t\t<div class=\"elementor-toggle-item\">\n\t\t\t\t\t<h4 id=\"elementor-tab-title-1761\" class=\"elementor-tab-title\" data-tab=\"1\" role=\"button\" aria-controls=\"elementor-tab-content-1761\" aria-expanded=\"false\">\n\t\t\t\t\t\t\t\t\t\t\t\t<span class=\"elementor-toggle-icon elementor-toggle-icon-right\" aria-hidden=\"true\">\n\t\t\t\t\t\t\t\t\t\t\t\t\t\t\t<span class=\"elementor-toggle-icon-closed\"><svg xmlns=\"http:\/\/www.w3.org\/2000\/svg\" height=\"16\" viewbox=\"0 0 16 16\" width=\"16\"><path d=\"m8.39 7.64v-7.64h-.78v7.64h-7.61v.76h7.61v7.6h.78v-7.6h7.61v-.76z\"><\/path><\/svg><\/span>\n\t\t\t\t\t\t\t\t<span class=\"elementor-toggle-icon-opened\"><svg xmlns=\"http:\/\/www.w3.org\/2000\/svg\" height=\"16\" viewbox=\"0 0 16 16\" width=\"16\"><path d=\"m0 0h16v16h-16z\" opacity=\"0\"><\/path><path d=\"m0 7.64h16v.76h-16z\"><\/path><\/svg><\/span>\n\t\t\t\t\t\t\t\t\t\t\t\t\t<\/span>\n\t\t\t\t\t\t\t\t\t\t\t\t<a class=\"elementor-toggle-title\" tabindex=\"0\">Warum Sie und nicht eine andere Agentur?<\/a>\n\t\t\t\t\t<\/h4>\n\n\t\t\t\t\t<div id=\"elementor-tab-content-1761\" class=\"elementor-tab-content elementor-clearfix\" data-tab=\"1\" role=\"region\" aria-labelledby=\"elementor-tab-title-1761\"><p style=\"text-align: justify;\">Wir glauben, dass sich unsere Agentur durch ihren innovativen Ansatz und ihre F\u00e4higkeit, sich an Marktentwicklungen anzupassen, auszeichnet. Als junges Unternehmen streben wir danach, unseren Kunden erstklassige Dienstleistungen zu bieten und gleichzeitig zur touristischen Entwicklung des Wallis beizutragen.\n\nUnser Engagement f\u00fcr einen qualitativ hochwertigen Service und unsere Wachsamkeit gegen\u00fcber den technologischen Entwicklungen auf dem Immobilien- und Ferienvermietungsmarkt zeichnen uns ebenfalls aus.<\/div>\n\t\t\t\t<\/div>\n\t\t\t\t\t\t\t<div class=\"elementor-toggle-item\">\n\t\t\t\t\t<h4 id=\"elementor-tab-title-1762\" class=\"elementor-tab-title\" data-tab=\"2\" role=\"button\" aria-controls=\"elementor-tab-content-1762\" aria-expanded=\"false\">\n\t\t\t\t\t\t\t\t\t\t\t\t<span class=\"elementor-toggle-icon elementor-toggle-icon-right\" aria-hidden=\"true\">\n\t\t\t\t\t\t\t\t\t\t\t\t\t\t\t<span class=\"elementor-toggle-icon-closed\"><svg xmlns=\"http:\/\/www.w3.org\/2000\/svg\" height=\"16\" viewbox=\"0 0 16 16\" width=\"16\"><path d=\"m8.39 7.64v-7.64h-.78v7.64h-7.61v.76h7.61v7.6h.78v-7.6h7.61v-.76z\"><\/path><\/svg><\/span>\n\t\t\t\t\t\t\t\t<span class=\"elementor-toggle-icon-opened\"><svg xmlns=\"http:\/\/www.w3.org\/2000\/svg\" height=\"16\" viewbox=\"0 0 16 16\" width=\"16\"><path d=\"m0 0h16v16h-16z\" opacity=\"0\"><\/path><path d=\"m0 7.64h16v.76h-16z\"><\/path><\/svg><\/span>\n\t\t\t\t\t\t\t\t\t\t\t\t\t<\/span>\n\t\t\t\t\t\t\t\t\t\t\t\t<a class=\"elementor-toggle-title\" tabindex=\"0\">Wo befinden Sie sich?<\/a>\n\t\t\t\t\t<\/h4>\n\n\t\t\t\t\t<div id=\"elementor-tab-content-1762\" class=\"elementor-tab-content elementor-clearfix\" data-tab=\"2\" role=\"region\" aria-labelledby=\"elementor-tab-title-1762\"><p style=\"text-align: justify;\">Wir befinden uns im Wallis und sind im gesamten franz\u00f6sischsprachigen Wallis t\u00e4tig.<\/div>\n\t\t\t\t<\/div>\n\t\t\t\t\t\t\t<div class=\"elementor-toggle-item\">\n\t\t\t\t\t<h4 id=\"elementor-tab-title-1763\" class=\"elementor-tab-title\" data-tab=\"3\" role=\"button\" aria-controls=\"elementor-tab-content-1763\" aria-expanded=\"false\">\n\t\t\t\t\t\t\t\t\t\t\t\t<span class=\"elementor-toggle-icon elementor-toggle-icon-right\" aria-hidden=\"true\">\n\t\t\t\t\t\t\t\t\t\t\t\t\t\t\t<span class=\"elementor-toggle-icon-closed\"><svg xmlns=\"http:\/\/www.w3.org\/2000\/svg\" height=\"16\" viewbox=\"0 0 16 16\" width=\"16\"><path d=\"m8.39 7.64v-7.64h-.78v7.64h-7.61v.76h7.61v7.6h.78v-7.6h7.61v-.76z\"><\/path><\/svg><\/span>\n\t\t\t\t\t\t\t\t<span class=\"elementor-toggle-icon-opened\"><svg xmlns=\"http:\/\/www.w3.org\/2000\/svg\" height=\"16\" viewbox=\"0 0 16 16\" width=\"16\"><path d=\"m0 0h16v16h-16z\" opacity=\"0\"><\/path><path d=\"m0 7.64h16v.76h-16z\"><\/path><\/svg><\/span>\n\t\t\t\t\t\t\t\t\t\t\t\t\t<\/span>\n\t\t\t\t\t\t\t\t\t\t\t\t<a class=\"elementor-toggle-title\" tabindex=\"0\">Wie hoch sind die Kosten f\u00fcr Ihre umfassenden Mietverwaltungsdienste??<\/a>\n\t\t\t\t\t<\/h4>\n\n\t\t\t\t\t<div id=\"elementor-tab-content-1763\" class=\"elementor-tab-content elementor-clearfix\" data-tab=\"3\" role=\"region\" aria-labelledby=\"elementor-tab-title-1763\"><p style=\"text-align: justify;\">Die Kosten f\u00fcr unsere umfassenden Mietverwaltungsdienste basieren auf einer Provision von 25 %TC nach Abzug der Nebenkosten.\n\nDank dessen sind sie nicht an verbindliche Vermietungsdaten gebunden. So k\u00f6nnen sie ihre Unterkunft f\u00fcr ihren eigenen Urlaub buchen, sei es w\u00e4hrend der Ferienzeiten im Februar, zu Weihnachten oder zu jedem anderen Zeitpunkt, der ihnen passt.\n\nUm unseren Vermieterkunden v\u00f6llige Freiheit zu gew\u00e4hren, erheben wir au\u00dferdem eine j\u00e4hrliche Verwaltungsgeb\u00fchr.\n\nDieser Ansatz erm\u00f6glicht es ihnen, nicht an verbindliche Mietdaten gebunden zu sein. Im Gegensatz zu manchen Agenturen, die sich auf bestimmte Daten beschr\u00e4nken, haben unsere Eigent\u00fcmerkunden die Flexibilit\u00e4t, ihre Unterkunft f\u00fcr ihren eigenen Urlaub zu buchen, sei es in den Ferienzeiten im Februar, zu Weihnachten oder zu jedem anderen Zeitpunkt, der ihnen passt.\n\n<a href=\"\/de\/formel-fur-die-komplette-mietverwaltung\/\"><span style=\"color: #856341;\">Weitere Informationen ...<\/span><\/a><\/div>\n\t\t\t\t<\/div>\n\t\t\t\t\t\t\t<div class=\"elementor-toggle-item\">\n\t\t\t\t\t<h4 id=\"elementor-tab-title-1764\" class=\"elementor-tab-title\" data-tab=\"4\" role=\"button\" aria-controls=\"elementor-tab-content-1764\" aria-expanded=\"false\">\n\t\t\t\t\t\t\t\t\t\t\t\t<span class=\"elementor-toggle-icon elementor-toggle-icon-right\" aria-hidden=\"true\">\n\t\t\t\t\t\t\t\t\t\t\t\t\t\t\t<span class=\"elementor-toggle-icon-closed\"><svg xmlns=\"http:\/\/www.w3.org\/2000\/svg\" height=\"16\" viewbox=\"0 0 16 16\" width=\"16\"><path d=\"m8.39 7.64v-7.64h-.78v7.64h-7.61v.76h7.61v7.6h.78v-7.6h7.61v-.76z\"><\/path><\/svg><\/span>\n\t\t\t\t\t\t\t\t<span class=\"elementor-toggle-icon-opened\"><svg xmlns=\"http:\/\/www.w3.org\/2000\/svg\" height=\"16\" viewbox=\"0 0 16 16\" width=\"16\"><path d=\"m0 0h16v16h-16z\" opacity=\"0\"><\/path><path d=\"m0 7.64h16v.76h-16z\"><\/path><\/svg><\/span>\n\t\t\t\t\t\t\t\t\t\t\t\t\t<\/span>\n\t\t\t\t\t\t\t\t\t\t\t\t<a class=\"elementor-toggle-title\" tabindex=\"0\">Worin besteht das Angebot \"Begleitung und Optimierung\"?<\/a>\n\t\t\t\t\t<\/h4>\n\n\t\t\t\t\t<div id=\"elementor-tab-content-1764\" class=\"elementor-tab-content elementor-clearfix\" data-tab=\"4\" role=\"region\" aria-labelledby=\"elementor-tab-title-1764\"><p style=\"text-align: justify;\">Das Angebot \"Begleitung und Optimierung\" ist ein All-Inclusive-Service, der zu einem einheitlichen Preis angeboten wird. Dieser Preis variiert je nach Gr\u00f6\u00dfe der Wohnung. Bei diesem Angebot k\u00fcmmern wir uns um alle technischen Aspekte der Vermietung, einschlie\u00dflich professioneller Fotografien, der Erstellung eines Leitfadens f\u00fcr Mieter, der Erstellung und Verwaltung der Anzeige auf Buchungsplattformen etc. Der Eigent\u00fcmer beh\u00e4lt die Verwaltung seiner Unterkunft und profitiert gleichzeitig von unserem Fachwissen, um seine Sichtbarkeit und Rentabilit\u00e4t auf dem Markt f\u00fcr Ferienvermietungen zu optimieren.\n\n<span style=\"color: #856341;\"><a style=\"color: #856341;\" href=\"\/de\/optimierung-mietanzeige\/\">Weitere Informationen ...<\/a><\/span><\/div>\n\t\t\t\t<\/div>\n\t\t\t\t\t\t\t\t<\/div>\n\t\t\t\t\t\t<\/div>\n\t\t\t\t<\/div>\n\t\t\t\t<div class=\"elementor-element elementor-element-62c19bb1 elementor-widget__width-initial elementor-widget-tablet__width-inherit elementor-widget elementor-widget-toggle\" data-id=\"62c19bb1\" data-element_type=\"widget\" data-e-type=\"widget\" data-widget_type=\"toggle.default\">\n\t\t\t\t<div class=\"elementor-widget-container\">\n\t\t\t\t\t\t\t<div class=\"elementor-toggle\">\n\t\t\t\t\t\t\t<div class=\"elementor-toggle-item\">\n\t\t\t\t\t<h4 id=\"elementor-tab-title-1651\" class=\"elementor-tab-title\" data-tab=\"1\" role=\"button\" aria-controls=\"elementor-tab-content-1651\" aria-expanded=\"false\">\n\t\t\t\t\t\t\t\t\t\t\t\t<span class=\"elementor-toggle-icon elementor-toggle-icon-right\" aria-hidden=\"true\">\n\t\t\t\t\t\t\t\t\t\t\t\t\t\t\t<span class=\"elementor-toggle-icon-closed\"><svg xmlns=\"http:\/\/www.w3.org\/2000\/svg\" height=\"16\" viewbox=\"0 0 16 16\" width=\"16\"><path d=\"m8.39 7.64v-7.64h-.78v7.64h-7.61v.76h7.61v7.6h.78v-7.6h7.61v-.76z\"><\/path><\/svg><\/span>\n\t\t\t\t\t\t\t\t<span class=\"elementor-toggle-icon-opened\"><svg xmlns=\"http:\/\/www.w3.org\/2000\/svg\" height=\"16\" viewbox=\"0 0 16 16\" width=\"16\"><path d=\"m0 0h16v16h-16z\" opacity=\"0\"><\/path><path d=\"m0 7.64h16v.76h-16z\"><\/path><\/svg><\/span>\n\t\t\t\t\t\t\t\t\t\t\t\t\t<\/span>\n\t\t\t\t\t\t\t\t\t\t\t\t<a class=\"elementor-toggle-title\" tabindex=\"0\">Was passiert im Schadensfall?<\/a>\n\t\t\t\t\t<\/h4>\n\n\t\t\t\t\t<div id=\"elementor-tab-content-1651\" class=\"elementor-tab-content elementor-clearfix\" data-tab=\"1\" role=\"region\" aria-labelledby=\"elementor-tab-title-1651\"><p style=\"text-align: justify;\">Im Falle von Sch\u00e4den kann die Vorgehensweise je nach verwendeter Buchungsplattform variieren. Im Rahmen unseres Mietverwaltungsservices verlangen wir jedoch eine Kaution, um eventuelle Sch\u00e4den abzudecken. Dar\u00fcber hinaus empfehlen wir unseren Eigent\u00fcmern, eine Haftpflichtversicherung (Hausratversicherung) abzuschlie\u00dfen, die auf die Ferienvermietung zugeschnitten ist. Wir sind eine Partnerschaft mit unserem Versicherer eingegangen, um unseren Eigent\u00fcmern die bestm\u00f6gliche Beratung in Bezug auf ihre Versicherungsbed\u00fcrfnisse zu bieten.<\/div>\n\t\t\t\t<\/div>\n\t\t\t\t\t\t\t<div class=\"elementor-toggle-item\">\n\t\t\t\t\t<h4 id=\"elementor-tab-title-1652\" class=\"elementor-tab-title\" data-tab=\"2\" role=\"button\" aria-controls=\"elementor-tab-content-1652\" aria-expanded=\"false\">\n\t\t\t\t\t\t\t\t\t\t\t\t<span class=\"elementor-toggle-icon elementor-toggle-icon-right\" aria-hidden=\"true\">\n\t\t\t\t\t\t\t\t\t\t\t\t\t\t\t<span class=\"elementor-toggle-icon-closed\"><svg xmlns=\"http:\/\/www.w3.org\/2000\/svg\" height=\"16\" viewbox=\"0 0 16 16\" width=\"16\"><path d=\"m8.39 7.64v-7.64h-.78v7.64h-7.61v.76h7.61v7.6h.78v-7.6h7.61v-.76z\"><\/path><\/svg><\/span>\n\t\t\t\t\t\t\t\t<span class=\"elementor-toggle-icon-opened\"><svg xmlns=\"http:\/\/www.w3.org\/2000\/svg\" height=\"16\" viewbox=\"0 0 16 16\" width=\"16\"><path d=\"m0 0h16v16h-16z\" opacity=\"0\"><\/path><path d=\"m0 7.64h16v.76h-16z\"><\/path><\/svg><\/span>\n\t\t\t\t\t\t\t\t\t\t\t\t\t<\/span>\n\t\t\t\t\t\t\t\t\t\t\t\t<a class=\"elementor-toggle-title\" tabindex=\"0\">Warum kann ich meine Immobilie nicht alleine vermieten?<\/a>\n\t\t\t\t\t<\/h4>\n\n\t\t\t\t\t<div id=\"elementor-tab-content-1652\" class=\"elementor-tab-content elementor-clearfix\" data-tab=\"2\" role=\"region\" aria-labelledby=\"elementor-tab-title-1652\"><p style=\"text-align: justify;\">Es ist durchaus m\u00f6glich, seine Immobilie selbst zu vermieten.\n\nEs ist wichtig zu wissen, dass viele den Mut verlieren, wenn sie merken, wie viel Zeit und Organisation sie daf\u00fcr aufwenden m\u00fcssen.\n\nEin- und Auschecken, Putzen, W\u00e4sche waschen, Reisenden Rede und Antwort stehen - all das ist sehr zeitaufwendig.\n\nDie Beauftragung eines Ferienwohnungsverwalters erm\u00f6glicht es Ihnen, Ihr zweites Zuhause zu genie\u00dfen, ohne sich um die Verwaltung k\u00fcmmern zu m\u00fcssen.\n\nBei CosyHome gew\u00e4hrleisten wir einen hochwertigen Hotelservice. Dies erm\u00f6glicht uns, qualitative Kundenbewertungen und somit mehr Vermietungen zu erhalten.<\/div>\n\t\t\t\t<\/div>\n\t\t\t\t\t\t\t<div class=\"elementor-toggle-item\">\n\t\t\t\t\t<h4 id=\"elementor-tab-title-1653\" class=\"elementor-tab-title\" data-tab=\"3\" role=\"button\" aria-controls=\"elementor-tab-content-1653\" aria-expanded=\"false\">\n\t\t\t\t\t\t\t\t\t\t\t\t<span class=\"elementor-toggle-icon elementor-toggle-icon-right\" aria-hidden=\"true\">\n\t\t\t\t\t\t\t\t\t\t\t\t\t\t\t<span class=\"elementor-toggle-icon-closed\"><svg xmlns=\"http:\/\/www.w3.org\/2000\/svg\" height=\"16\" viewbox=\"0 0 16 16\" width=\"16\"><path d=\"m8.39 7.64v-7.64h-.78v7.64h-7.61v.76h7.61v7.6h.78v-7.6h7.61v-.76z\"><\/path><\/svg><\/span>\n\t\t\t\t\t\t\t\t<span class=\"elementor-toggle-icon-opened\"><svg xmlns=\"http:\/\/www.w3.org\/2000\/svg\" height=\"16\" viewbox=\"0 0 16 16\" width=\"16\"><path d=\"m0 0h16v16h-16z\" opacity=\"0\"><\/path><path d=\"m0 7.64h16v.76h-16z\"><\/path><\/svg><\/span>\n\t\t\t\t\t\t\t\t\t\t\t\t\t<\/span>\n\t\t\t\t\t\t\t\t\t\t\t\t<a class=\"elementor-toggle-title\" tabindex=\"0\">Ist meine Immobilie f\u00fcr die Ferienvermietung geeignet?<\/a>\n\t\t\t\t\t<\/h4>\n\n\t\t\t\t\t<div id=\"elementor-tab-content-1653\" class=\"elementor-tab-content elementor-clearfix\" data-tab=\"3\" role=\"region\" aria-labelledby=\"elementor-tab-title-1653\"><p style=\"text-align: justify;\">Um festzustellen, ob Ihre Immobilie f\u00fcr die Ferienvermietung geeignet ist, empfehlen wir Ihnen, sich direkt mit uns in Verbindung zu setzen<span style=\"color: #856341;\"><a style=\"color: #856341;\" href=\"https:\/\/www.cosyhomeconciergerie.ch\/de\/estimez-votre-biens\/\" target=\"_blank\" rel=\"noopener\"> genau hier<\/a> .<\/span><\/div>\n\t\t\t\t<\/div>\n\t\t\t\t\t\t\t<div class=\"elementor-toggle-item\">\n\t\t\t\t\t<h4 id=\"elementor-tab-title-1654\" class=\"elementor-tab-title\" data-tab=\"4\" role=\"button\" aria-controls=\"elementor-tab-content-1654\" aria-expanded=\"false\">\n\t\t\t\t\t\t\t\t\t\t\t\t<span class=\"elementor-toggle-icon elementor-toggle-icon-right\" aria-hidden=\"true\">\n\t\t\t\t\t\t\t\t\t\t\t\t\t\t\t<span class=\"elementor-toggle-icon-closed\"><svg xmlns=\"http:\/\/www.w3.org\/2000\/svg\" height=\"16\" viewbox=\"0 0 16 16\" width=\"16\"><path d=\"m8.39 7.64v-7.64h-.78v7.64h-7.61v.76h7.61v7.6h.78v-7.6h7.61v-.76z\"><\/path><\/svg><\/span>\n\t\t\t\t\t\t\t\t<span class=\"elementor-toggle-icon-opened\"><svg xmlns=\"http:\/\/www.w3.org\/2000\/svg\" height=\"16\" viewbox=\"0 0 16 16\" width=\"16\"><path d=\"m0 0h16v16h-16z\" opacity=\"0\"><\/path><path d=\"m0 7.64h16v.76h-16z\"><\/path><\/svg><\/span>\n\t\t\t\t\t\t\t\t\t\t\t\t\t<\/span>\n\t\t\t\t\t\t\t\t\t\t\t\t<a class=\"elementor-toggle-title\" tabindex=\"0\">Gibt es verschiedene Verwaltungspauschalen?<\/a>\n\t\t\t\t\t<\/h4>\n\n\t\t\t\t\t<div id=\"elementor-tab-content-1654\" class=\"elementor-tab-content elementor-clearfix\" data-tab=\"4\" role=\"region\" aria-labelledby=\"elementor-tab-title-1654\"><p style=\"text-align: justify;\">Wir bieten zwei Arten von Dienstleistungen an.\n\nDie erste ist eine vollst\u00e4ndige \u00dcbernahme der Immobilie, bei der wir uns um alle Aspekte der Mietverwaltung k\u00fcmmern, von der Vermarktung \u00fcber die Instandhaltung bis hin zum Empfang der Mieter.\n\nDie zweite Dienstleistung besteht darin, dass wir daf\u00fcr sorgen, dass die Unterkunft auf Buchungsplattformen online gestellt wird, w\u00e4hrend die Verwaltung beim Eigent\u00fcmer verbleibt.<\/div>\n\t\t\t\t<\/div>\n\t\t\t\t\t\t\t\t<\/div>\n\t\t\t\t\t\t<\/div>\n\t\t\t\t<\/div>\n\t\t\t\t<\/div>\n\t\t\t\t\t<\/div>\n\t\t\t\t<\/div>\n\t\t<div class=\"elementor-element elementor-element-228b701 e-flex e-con-boxed e-con e-parent\" data-id=\"228b701\" data-element_type=\"container\" data-e-type=\"container\" data-settings=\"{&quot;background_background&quot;:&quot;classic&quot;}\">\n\t\t\t\t\t<div class=\"e-con-inner\">\n\t\t<div class=\"elementor-element elementor-element-19cfd42 e-flex e-con-boxed e-con e-child\" data-id=\"19cfd42\" data-element_type=\"container\" data-e-type=\"container\">\n\t\t\t\t\t<div class=\"e-con-inner\">\n\t\t\t\t<div class=\"elementor-element elementor-element-5285eed elementor-invisible elementor-widget elementor-widget-heading\" data-id=\"5285eed\" data-element_type=\"widget\" data-e-type=\"widget\" data-settings=\"{&quot;_animation&quot;:&quot;fadeInUp&quot;}\" data-widget_type=\"heading.default\">\n\t\t\t\t<div class=\"elementor-widget-container\">\n\t\t\t\t\t<h2 class=\"elementor-heading-title elementor-size-default\">Haben Sie einen Wohnsitz im Wallis?<\/h2>\t\t\t\t<\/div>\n\t\t\t\t<\/div>\n\t\t\t\t<div class=\"elementor-element elementor-element-cc71f50 elementor-widget-mobile__width-initial e-transform elementor-align-center elementor-invisible elementor-widget elementor-widget-button\" data-id=\"cc71f50\" data-element_type=\"widget\" data-e-type=\"widget\" data-settings=\"{&quot;_animation&quot;:&quot;fadeInUp&quot;,&quot;_transform_translateY_effect_hover&quot;:{&quot;unit&quot;:&quot;px&quot;,&quot;size&quot;:-6,&quot;sizes&quot;:[]},&quot;_animation_delay&quot;:400,&quot;_transform_translateX_effect_hover&quot;:{&quot;unit&quot;:&quot;px&quot;,&quot;size&quot;:&quot;&quot;,&quot;sizes&quot;:[]},&quot;_transform_translateX_effect_hover_tablet&quot;:{&quot;unit&quot;:&quot;px&quot;,&quot;size&quot;:&quot;&quot;,&quot;sizes&quot;:[]},&quot;_transform_translateX_effect_hover_mobile&quot;:{&quot;unit&quot;:&quot;px&quot;,&quot;size&quot;:&quot;&quot;,&quot;sizes&quot;:[]},&quot;_transform_translateY_effect_hover_tablet&quot;:{&quot;unit&quot;:&quot;px&quot;,&quot;size&quot;:&quot;&quot;,&quot;sizes&quot;:[]},&quot;_transform_translateY_effect_hover_mobile&quot;:{&quot;unit&quot;:&quot;px&quot;,&quot;size&quot;:&quot;&quot;,&quot;sizes&quot;:[]}}\" data-widget_type=\"button.default\">\n\t\t\t\t<div class=\"elementor-widget-container\">\n\t\t\t\t\t\t\t\t\t<div class=\"elementor-button-wrapper\">\n\t\t\t\t\t<a class=\"elementor-button elementor-button-link elementor-size-sm\" href=\"#elementor-action%3Aaction%3Dpopup%3Aopen%26settings%3DeyJpZCI6IjEwODQ2IiwidG9nZ2xlIjpmYWxzZX0%3D\">\n\t\t\t\t\t\t<span class=\"elementor-button-content-wrapper\">\n\t\t\t\t\t\t\t\t\t<span class=\"elementor-button-text\">Meine Immobilie mit CosyHome Conciergerie vermieten<\/span>\n\t\t\t\t\t<\/span>\n\t\t\t\t\t<\/a>\n\t\t\t\t<\/div>\n\t\t\t\t\t\t\t\t<\/div>\n\t\t\t\t<\/div>\n\t\t\t\t\t<\/div>\n\t\t\t\t<\/div>\n\t\t\t\t\t<\/div>\n\t\t\t\t<\/div>\n\t\t\t\t<\/div>","protected":false},"excerpt":{"rendered":"<p>Aide FAQ Vous avez d&rsquo;autres questions ?\u00a0 Contactez-nous Pourquoi vous et pas une autre agence ? Nous pensons que notre agence se distingue par son approche innovante et sa capacit\u00e9 \u00e0 s&rsquo;adapter aux \u00e9volutions du march\u00e9. En tant qu&rsquo;entreprise jeune, nous aspirons \u00e0 offrir des services haut de gamme \u00e0 nos clients tout en contribuant [&hellip;]<\/p>\n","protected":false},"author":7,"featured_media":0,"parent":0,"menu_order":0,"comment_status":"closed","ping_status":"closed","template":"","meta":{"_monsterinsights_skip_tracking":false,"_monsterinsights_sitenote_active":false,"_monsterinsights_sitenote_note":"","_monsterinsights_sitenote_category":0,"footnotes":""},"class_list":["post-2639","page","type-page","status-publish","hentry"],"_links":{"self":[{"href":"https:\/\/www.cosyhomeconciergerie.ch\/de\/wp-json\/wp\/v2\/pages\/2639","targetHints":{"allow":["GET"]}}],"collection":[{"href":"https:\/\/www.cosyhomeconciergerie.ch\/de\/wp-json\/wp\/v2\/pages"}],"about":[{"href":"https:\/\/www.cosyhomeconciergerie.ch\/de\/wp-json\/wp\/v2\/types\/page"}],"author":[{"embeddable":true,"href":"https:\/\/www.cosyhomeconciergerie.ch\/de\/wp-json\/wp\/v2\/users\/7"}],"replies":[{"embeddable":true,"href":"https:\/\/www.cosyhomeconciergerie.ch\/de\/wp-json\/wp\/v2\/comments?post=2639"}],"version-history":[{"count":0,"href":"https:\/\/www.cosyhomeconciergerie.ch\/de\/wp-json\/wp\/v2\/pages\/2639\/revisions"}],"wp:attachment":[{"href":"https:\/\/www.cosyhomeconciergerie.ch\/de\/wp-json\/wp\/v2\/media?parent=2639"}],"curies":[{"name":"wp","href":"https:\/\/api.w.org\/{rel}","templated":true}]}}